{"id":2226,"date":"2021-03-16T11:54:44","date_gmt":"2021-03-16T11:54:44","guid":{"rendered":"https:\/\/www.holmusic.es\/?page_id=2221"},"modified":"2026-02-16T14:33:02","modified_gmt":"2026-02-16T14:33:02","slug":"sobrenos","status":"publish","type":"page","link":"https:\/\/www.holmusic.es\/pt-pt\/sobrenos\/","title":{"rendered":"SOBRE N\u00d3S"},"content":{"rendered":"<p>[vc_row full_width=&#8221;stretch_row_content_no_spaces&#8221; background_parallax=&#8221;&#8221; bg_overlay=&#8221;&#8221; uniqid=&#8221;5e4e7ff585b1e&#8221;][vc_column css=&#8221;.vc_custom_1618565013306{background-position: center !important;background-repeat: no-repeat !important;background-size: cover !important;}&#8221; uniqid=&#8221;5e4e81cbc8599&#8243;][vc_column_text]\n\t\t\t<!-- START MUSICGALLERY REVOLUTION SLIDER 6.6.16 --><p class=\"rs-p-wp-fix\"><\/p>\n\t\t\t<rs-module-wrap id=\"rev_slider_3_1_wrapper\" data-source=\"gallery\" style=\"visibility:hidden;background:transparent;padding:0;margin:0px auto;margin-top:0;margin-bottom:0;\">\n\t\t\t\t<rs-module id=\"rev_slider_3_1\" style=\"\" data-version=\"6.6.16\">\n\t\t\t\t\t<rs-slides style=\"overflow: hidden; position: absolute;\">\n\t\t\t\t\t\t<rs-slide style=\"position: absolute;\" data-key=\"rs-5\" data-title=\"Slide\" data-thumb=\"\/\/www.holmusic.es\/dir-info-cnt\/uploads\/2022\/02\/web-holmusic-100x50.jpg\" data-anim=\"ms:600;r:0;\" data-in=\"o:0;\" data-out=\"a:false;\">\n\t\t\t\t\t\t\t<img fetchpriority=\"high\" decoding=\"async\" src=\"\/\/www.holmusic.es\/dir-info-cnt\/plugins\/revslider\/public\/assets\/assets\/dummy.png\" alt=\"\" title=\"web-holmusic\" width=\"1587\" height=\"982\" class=\"rev-slidebg tp-rs-img rs-lazyload\" data-lazyload=\"\/\/www.holmusic.es\/dir-info-cnt\/uploads\/2022\/02\/web-holmusic.jpg\" data-no-retina>\n<!---->\t\t\t\t\t\t<\/rs-slide>\n\t\t\t\t\t\t<rs-slide style=\"position: absolute;\" data-key=\"rs-6\" data-title=\"Slide\" data-thumb=\"\/\/www.holmusic.es\/dir-info-cnt\/uploads\/2022\/02\/letusa-web-holmusic-scaled-100x50.jpg\" data-anim=\"ms:600;r:0;\" data-in=\"o:0;\" data-out=\"a:false;\">\n\t\t\t\t\t\t\t<img decoding=\"async\" src=\"\/\/www.holmusic.es\/dir-info-cnt\/plugins\/revslider\/public\/assets\/assets\/dummy.png\" alt=\"\" title=\"Dise\u00f1o sin t\u00edtulo\" width=\"2560\" height=\"1329\" class=\"rev-slidebg tp-rs-img rs-lazyload\" data-lazyload=\"\/\/www.holmusic.es\/dir-info-cnt\/uploads\/2022\/02\/letusa-web-holmusic-scaled.jpg\" data-no-retina>\n<!---->\t\t\t\t\t\t<\/rs-slide>\n\t\t\t\t\t<\/rs-slides>\n\t\t\t\t<\/rs-module>\n\t\t\t\t<script>\n\t\t\t\t\tsetREVStartSize({c: 'rev_slider_3_1',rl:[1240,1024,778,480],el:[300],gw:[1240],gh:[300],type:'standard',justify:'',layout:'fullwidth',mh:\"0\"});if (window.RS_MODULES!==undefined && window.RS_MODULES.modules!==undefined && window.RS_MODULES.modules[\"revslider31\"]!==undefined) {window.RS_MODULES.modules[\"revslider31\"].once = false;window.revapi3 = undefined;if (window.RS_MODULES.checkMinimal!==undefined) window.RS_MODULES.checkMinimal()}\n\t\t\t\t<\/script>\n\t\t\t<\/rs-module-wrap>\n\t\t\t<!-- END REVOLUTION SLIDER -->\n[\/vc_column_text][\/vc_column][\/vc_row][vc_row full_height=&#8221;yes&#8221; columns_placement=&#8221;top&#8221; equal_height=&#8221;yes&#8221; background_parallax=&#8221;&#8221; bg_overlay=&#8221;&#8221; css=&#8221;.vc_custom_1618563520468{padding-top: 50px !important;}&#8221; uniqid=&#8221;6079514fac212&#8243;][vc_column width=&#8221;1\/4&#8243;][vc_empty_space height=&#8221;200px&#8221;][vc_column_text css_animation=&#8221;fadeInLeft&#8221;]<\/p>\n<h4>Profissionalismo<\/h4>\n<p>[\/vc_column_text][vc_column_text css_animation=&#8221;fadeInRight&#8221;]<\/p>\n<h5 style=\"text-align: justify;\"><span style=\"color: #808080;\">Paix\u00e3o<\/span><\/h5>\n<p>[\/vc_column_text][vc_column_text css_animation=&#8221;fadeInUp&#8221;]<\/p>\n<h4 style=\"text-align: left;\">Efici\u00eancia<\/h4>\n<p>[\/vc_column_text][vc_column_text css_animation=&#8221;fadeInLeft&#8221;]<\/p>\n<h5><span style=\"color: #c48f56;\">Inova\u00e7\u00e3o<\/span><\/h5>\n<p>[\/vc_column_text][\/vc_column][vc_column css_animation=&#8221;none&#8221; width=&#8221;3\/4&#8243; css=&#8221;.vc_custom_1582202140164{padding-top: 80px !important;padding-right: 60px !important;padding-bottom: 80px !important;padding-left: 60px !important;background-color: #ffffff !important;}&#8221;]      <div class=\"heading-block heading-5e4f96d7588f7 tal h-h3 with-line vc_custom_1615914249038\">\n                  <div class=\"sub-h\">HOLMUSIC : ESPANHA, PORTUGAL, FRAN\u00c7A E IT\u00c1LIA<\/div>\n                  <h3 class=\"h\">SOBRE N\u00d3S<\/h3>\n              <\/div>\n    [vc_column_text]Somos uma empresa familiar com mais de 48 anos de hist\u00f3ria que se estabeleceu como a empresa de distribui\u00e7\u00e3o mais inovadora e din\u00e2mica dentro do mercado de instrumentos musicais e \u00e1udio profissional em Espanha, Portugal, It\u00e1lia e Fran\u00e7a.<\/p>\n<p>A empresa foi fundada como uma loja de m\u00fasica em Barcelona. Pouco a pouco este neg\u00f3cio foi incluindo no seu cat\u00e1logo marcas exclusivas de instrumentos musicais, at\u00e9 se tornar uma empresa com uma gest\u00e3o altamente profissionalizada e com uma equipa de mais de 190 pessoas que est\u00e1 presente em todos os canais de venda do mercado de instrumentos musicais, \u00e1udio profissional e ilumina\u00e7\u00e3o espectacular.<\/p>\n<p>Contudo, ap\u00f3s o grande crescimento alcan\u00e7ado, a Holmusic continua a ser uma empresa familiar que mant\u00e9m os mesmos valores de melhoria e qualidade.<\/p>\n<p>A sede corporativa do Grupo est\u00e1 localizada em Barcelona e tem instala\u00e7\u00f5es de 7.000 m2 divididos entre escrit\u00f3rios, servi\u00e7o t\u00e9cnico e armaz\u00e9m.[\/vc_column_text][\/vc_column][\/vc_row][vc_row][vc_column css_animation=&#8221;fadeInUp&#8221; width=&#8221;1\/4&#8243; css=&#8221;.vc_custom_1506084158646{padding-bottom: 20px !important;}&#8221;][vc_column_text css_animation=&#8221;zoomIn&#8221;]+ 48 anos de hist\u00f3ria\/<\/p>\n<p>199 pessoas ao seu servi\u00e7o\/<\/p>\n<p>7.000 m2 de armaz\u00e9m.[\/vc_column_text][\/vc_column][vc_column width=&#8221;3\/4&#8243;]      <div class=\"heading-block heading-6034db2bfe749 tac h-h2 with-line vc_custom_1618563329254\">\n                  <h2 class=\"h\">Porqu\u00ea escolher-nos?<\/h2>\n              <\/div>\n    [vc_empty_space][vc_row_inner equal_height=&#8221;yes&#8221;][vc_column_inner width=&#8221;1\/3&#8243; css=&#8221;.vc_custom_1505483962485{margin-bottom: 35px !important;}&#8221;][vc_icon icon_fontawesome=&#8221;multimedia-icon-medal&#8221; color=&#8221;custom&#8221; background_style=&#8221;rounded-outline&#8221; background_color=&#8221;custom&#8221; size=&#8221;xl&#8221; align=&#8221;center&#8221; custom_background_color=&#8221;#c48f56&#8243;][vc_column_text]<\/p>\n<h6 style=\"text-align: center;\">48 ANOS DE EXPERI\u00caNCIA<\/h6>\n<p style=\"text-align: left;\"><span style=\"font-weight: 300; font-size: 14px;\">Em Holmusic acreditamos firmemente em novos modelos de distribui\u00e7\u00e3o que rompem com as antigas estruturas arcaicas.<\/span><\/p>\n<p style=\"text-align: left;\"><span style=\"font-weight: 300; font-size: 14px;\">Todos esses anos conseguimos adaptar e antecipar as r\u00e1pidas mudan\u00e7as pelas que o mercado tem sofrido, consolidando nossa posi\u00e7\u00e3o como principal distribuidor de instrumentos musicais e som profissional no Sul da Europa.<\/span><\/p>\n<p>[\/vc_column_text][\/vc_column_inner][vc_column_inner width=&#8221;1\/3&#8243; css=&#8221;.vc_custom_1505483969540{margin-bottom: 35px !important;}&#8221;][vc_icon icon_fontawesome=&#8221;multimedia-icon-users&#8221; color=&#8221;custom&#8221; background_style=&#8221;rounded-outline&#8221; background_color=&#8221;custom&#8221; size=&#8221;xl&#8221; align=&#8221;center&#8221; custom_background_color=&#8221;#c48f56&#8243;][vc_column_text]<\/p>\n<h6 style=\"text-align: center;\">199 FUNCION\u00c1RIOS NA EQUIPE<\/h6>\n<p style=\"text-align: left;\"><span style=\"font-size: 14px; font-weight: 300;\">Contamos com uma equipe ou profissionais bem estabelecidos, motivados e altamente qualificados em cada pa\u00eds onde atuamos e para cada divis\u00e3o de neg\u00f3cios, focados em fornecer solu\u00e7\u00f5es eficazes e espec\u00edficas \u00e0s necessidades de nossos clientes e estabelecer relacionamentos s\u00f3lidos e duradouros com base em fatos.<\/span><\/p>\n<p style=\"text-align: left;\"><span style=\"font-size: 14px; font-weight: 300;\">Na Holmusic somos guiados pelo comprometimento, empreendedorismo e autenticidade.<\/span><\/p>\n<p>[\/vc_column_text][\/vc_column_inner][vc_column_inner width=&#8221;1\/3&#8243; css=&#8221;.vc_custom_1505483974400{margin-bottom: 35px !important;}&#8221;][vc_icon icon_fontawesome=&#8221;web-application-icon-earth-globe-1&#8243; color=&#8221;custom&#8221; background_style=&#8221;rounded-outline&#8221; background_color=&#8221;custom&#8221; size=&#8221;xl&#8221; align=&#8221;center&#8221; custom_background_color=&#8221;#c48f56&#8243;][vc_column_text]<\/p>\n<h6 style=\"text-align: center;\">DISTRIBUI\u00c7\u00c3O INTERNACIONAL<\/h6>\n<p style=\"text-align: left;\"><span style=\"font-size: 14px; font-weight: 300;\">Nosso modelo \u00e9 baseado em uma distribui\u00e7\u00e3o pan-europeia que se concentra em menos marcas, sinergias mor e uma plataforma log\u00edstica extremamente r\u00e1pida.<\/span><\/p>\n<p style=\"text-align: left;\"><span style=\"font-size: 14px; font-weight: 300;\">Muitas marcas t\u00eam encontrado na Holmusic o parceiro ideal que lhes permite acessar novos canais de vendas no sul da Europa simultaneamente.<\/span><\/p>\n<p>[\/vc_column_text][\/vc_column_inner][vc_column_inner width=&#8221;1\/3&#8243; css=&#8221;.vc_custom_1505483979333{margin-bottom: 35px !important;}&#8221;][vc_icon icon_fontawesome=&#8221;web-application-icon-subwoofer-speaker&#8221; color=&#8221;custom&#8221; background_style=&#8221;rounded-outline&#8221; background_color=&#8221;custom&#8221; size=&#8221;xl&#8221; align=&#8221;center&#8221; custom_background_color=&#8221;#c48f56&#8243;][vc_column_text]<\/p>\n<h6 style=\"text-align: center;\">MAIS DE 50 MARCAS EM NOSSO PORTF\u00d3LIO<\/h6>\n<p style=\"text-align: left;\"><span style=\"font-size: 14px;\"><span style=\"font-weight: 300;\">Distribuidores exclusivos das principais marcas do setor.90% dos nossos clientes confiam em n\u00f3s h\u00e1 mais de 15 anos. Somos bem conhecidos por nossas marcas lealdade e grande conhecimento de produtos.<\/span><\/span><\/p>\n<p style=\"text-align: left;\"><span style=\"font-size: 14px;\"><span style=\"font-weight: 300;\">Algumas de nossas marcas:<\/span><\/span><\/p>\n<p><span style=\"font-size: 14px;\"><span style=\"font-weight: 300;\">Casio, <\/span><\/span><span style=\"font-size: 14px;\"><span style=\"font-weight: 300;\">Hohner, Korg, Mackie, Adam Audio, Nord, HK Audio, Prs Guitars, Orange, Focusrite, Novation, Audix, Meinl, DTS, Motu, D&#8217;Addario, Peavey, Proel, Ortega, Midas, Reloop, Tannoy, Samson, Blackstar, Dixon, Guild, Hagstrom, Cort, Elixir, Strings, Mapex, Sire, Marcus Miller&#8230;<\/span><\/span>[\/vc_column_text][\/vc_column_inner][vc_column_inner width=&#8221;1\/3&#8243; css=&#8221;.vc_custom_1505483984191{margin-bottom: 35px !important;}&#8221;][vc_icon icon_fontawesome=&#8221;basic-ui-icon-store&#8221; color=&#8221;custom&#8221; background_style=&#8221;rounded-outline&#8221; background_color=&#8221;custom&#8221; size=&#8221;xl&#8221; align=&#8221;center&#8221; custom_background_color=&#8221;#c48f56&#8243;][vc_column_text]<\/p>\n<h6 style=\"text-align: center;\">CANAL DE VAREJO PR\u00d3PRIO<\/h6>\n<p style=\"text-align: left;\"><span style=\"font-size: 14px; font-weight: 300;\">Como distribuidor multicanal, somos capazes de introduzir produtos em muitos canais diferentes, uma cobertura de diferentes necessidades. <\/span><\/p>\n<p style=\"text-align: left;\"><span style=\"font-size: 14px; font-weight: 300;\">Contamos com 16 lojas distribu\u00eddas por toda a Espanha e 3 e-commerce com uma equipe de mais de 39 pessoas como for\u00e7a de vendas especializada com grande conhecimento do produto e experi\u00eancia no atendimento ao cliente. <\/span><\/p>\n<p style=\"text-align: left;\"><span style=\"font-size: 14px; font-weight: 300;\">O acesso ao canal Consumer Electronics pode introduzir imediatamente alguns produtos nas principais cadeias da Espanha e Portugal.<\/span><\/p>\n<p>[\/vc_column_text][\/vc_column_inner][vc_column_inner width=&#8221;1\/3&#8243; css=&#8221;.vc_custom_1505483989290{margin-bottom: 35px !important;}&#8221;][vc_icon icon_fontawesome=&#8221;basic-ui-icon-stats&#8221; color=&#8221;custom&#8221; background_style=&#8221;rounded-outline&#8221; background_color=&#8221;custom&#8221; size=&#8221;xl&#8221; align=&#8221;center&#8221; custom_background_color=&#8221;#c48f56&#8243;][vc_column_text]<\/p>\n<h6 style=\"text-align: center;\">INTELIG\u00caNCIA DE NEG\u00d3CIOS<\/h6>\n<p style=\"text-align: left;\"><span style=\"font-size: 14px; font-weight: 300;\">Fornecemos \u00e0s nossas marcas e aos nossos clientes excelentes informa\u00e7\u00f5es de mercado usando as mais recentes ferramentas dispon\u00edveis para rastreamento de vendas, detalhadas por regi\u00e3o, canal, cliente e sku, mostrando informa\u00e7\u00f5es relevantes que facilitam decis\u00f5es importantes. <\/span><\/p>\n<p style=\"text-align: left;\"><span style=\"font-size: 14px; font-weight: 300;\">Atualmente trabalhamos com:<\/span><\/p>\n<p style=\"text-align: left;\"><span style=\"font-size: 14px; font-weight: 400;\">Microsoft Dynamics ERP\/CRM <\/span><\/p>\n<p style=\"text-align: left;\"><span style=\"font-size: 14px; font-weight: 400;\">Software de compra SlimStock <\/span><\/p>\n<p style=\"text-align: left;\"><span style=\"font-size: 14px; font-weight: 400;\">Microsoft Power BI<\/span><\/p>\n<p>[\/vc_column_text][\/vc_column_inner][\/vc_row_inner][\/vc_column][\/vc_row][vc_row equal_height=&#8221;yes&#8221; content_placement=&#8221;middle&#8221; css=&#8221;.vc_custom_1505376354305{padding-top: 50px !important;padding-bottom: 50px !important;}&#8221;][vc_column css_animation=&#8221;fadeInLeft&#8221; width=&#8221;1\/2&#8243; content_color=&#8221;light&#8221; css=&#8221;.vc_custom_1614170872084{padding-top: 80px !important;padding-right: 40px !important;padding-bottom: 80px !important;padding-left: 40px !important;background-color: #e8e8e8 !important;}&#8221; uniqid=&#8221;5e4e92ed08275&#8243;]      <div class=\"heading-block heading-5d67b7d65a517 tal h-h3 with-line vc_custom_1615914342153\">\n                  <div class=\"sub-h\">SOLU\u00c7\u00d5ES INTEGRAIS<\/div>\n                  <h3 class=\"h\">Tudo em um distribuidor<\/h3>\n              <\/div>\n    [vc_empty_space height=&#8221;22px&#8221;][vc_row_inner uniqid=&#8221;5e4e93e055b3b&#8221;][vc_column_inner width=&#8221;1\/2&#8243;][vc_column_text]<\/p>\n<div class=\"skill-item \">\n<h6>VASTA GAMA DE PRODUTOS<\/h6>\n<p><span style=\"font-size: 14px;\">Acesso a marcas l\u00edderes no mercado. Disponibilidade imediata de stock no nosso armaz\u00e9m de mais de 90% dos nossos produtos.<\/span><\/div>\n<div class=\"skill-item \"><\/div>\n<p>[\/vc_column_text][\/vc_column_inner][vc_column_inner width=&#8221;1\/2&#8243;][vc_column_text]<\/p>\n<div class=\"skill-item \">\n<h6>LOG\u00cdSTICA<\/h6>\n<p><span style=\"font-size: 14px;\">Dispomos de um armaz\u00e9m de 7.000 m2 no total onde s\u00e3o feitas 3 expedi\u00e7\u00f5es di\u00e1rias com um tempo m\u00e9dio de entrega na Europa de 24\/36 horas.<\/span><\/div>\n<div class=\"skill-item \"><\/div>\n<p>[\/vc_column_text][\/vc_column_inner][\/vc_row_inner][vc_row_inner][vc_column_inner width=&#8221;1\/2&#8243;][vc_column_text]<\/p>\n<div class=\"skill-item \">\n<h6>COMPRA B2B<\/h6>\n<p><span style=\"font-size: 14px;\">Ferramenta de trabalho potente e intuitiva que lhe permite aceder a todos os artigos das marcas distribu\u00eddas pela Holmusic, conhecendo em tempo real o stock, not\u00edcias, encomendas, envios, facturas, ofertas, etc.<\/span><\/div>\n<div class=\"skill-item \"><\/div>\n<p>[\/vc_column_text][\/vc_column_inner][vc_column_inner width=&#8221;1\/2&#8243;][vc_column_text]<\/p>\n<div class=\"skill-item \">\n<h6>DROPSHIPPING<\/h6>\n<p><span style=\"font-size: 14px;\">F\u00e1cil e funcional. Enviamos os produtos directamente aos seus clientes beneficiando das nossas vantajosas condi\u00e7\u00f5es log\u00edsticas.<\/span><\/div>\n<div class=\"skill-item \"><\/div>\n<p>[\/vc_column_text][\/vc_column_inner][\/vc_row_inner][vc_row_inner][vc_column_inner width=&#8221;1\/2&#8243;][vc_column_text]<\/p>\n<div class=\"skill-item \">\n<h6>SERVI\u00c7O DE FTP &#8211; CSV<\/h6>\n<p><span style=\"font-size: 14px;\">Oferecemos aos nossos clientes um servi\u00e7o de integra\u00e7\u00e3o de dados atrav\u00e9s de um ficheiro CSV que pode ser descarregado a partir de um endere\u00e7o FTP com informa\u00e7\u00e3o actualizada de tr\u00eas em tr\u00eas horas.<\/span><\/div>\n<div class=\"skill-item \"><\/div>\n<p>[\/vc_column_text][vc_column_text]<\/p>\n<div class=\"skill-item \">\n<h6>SERVI\u00c7O P\u00d3S-VENDA<\/h6>\n<p><span style=\"font-size: 14px;\">Aconselhamento p\u00f3s-venda para todos os nossos produtos.<br \/>\nServi\u00e7o t\u00e9cnico e gest\u00e3o de garantia.<br \/>\n<\/span><\/div>\n<div class=\"skill-item \"><\/div>\n<p>[\/vc_column_text][\/vc_column_inner][vc_column_inner width=&#8221;1\/2&#8243;][vc_column_text]<\/p>\n<div class=\"skill-item \">\n<h6>MARKETING 360\u00ba<\/h6>\n<p><span style=\"font-size: 14px;\">Ac\u00e7\u00f5es estrat\u00e9gicas e constantes de marketing online\/offline baseadas na compreens\u00e3o do nosso cliente alvo, transmitindo a mesma mensagem das nossas marcas representadas atrav\u00e9s do distribuidor para o consumidor final.<\/span><\/div>\n<div class=\"skill-item \"><\/div>\n<p>[\/vc_column_text][vc_column_text]<\/p>\n<div class=\"skill-item \">\n<h6>ENGENHARIA E APOIO A PROJECTOS<\/h6>\n<p><span style=\"font-size: 14px;\">O nosso gabinete t\u00e9cnico \u00e9 composto por profissionais altamente qualificados capazes de realizar ou aconselhar projectos integrais de qualquer dimens\u00e3o.<\/span><\/div>\n<div class=\"skill-item \"><\/div>\n<p>[\/vc_column_text][\/vc_column_inner][\/vc_row_inner][\/vc_column][vc_column css_animation=&#8221;fadeInRight&#8221; width=&#8221;1\/2&#8243; css=&#8221;.vc_custom_1582289511407{border-right-width: 0px !important;padding-top: 250px !important;padding-bottom: 250px !important;background-image: url(https:\/\/www.holmusic.es\/dir-info-cnt\/uploads\/2020\/02\/06_2.jpg?id=1587) !important;}&#8221; uniqid=&#8221;5e4ea27126bc5&#8243;][\/vc_column][\/vc_row][vc_row el_id=&#8221;divisiones&#8221; uniqid=&#8221;651d3cbdf330e&#8221;][vc_column css_animation=&#8221;fadeInUp&#8221; css=&#8221;.vc_custom_1506084158646{padding-bottom: 20px !important;}&#8221;]      <div class=\"heading-block heading- tac h-h2 with-line vc_custom_1615914618069\">\n                  <h2 class=\"h\">Divis\u00f5es de neg\u00f3cio<\/h2>\n              <\/div>\n    [\/vc_column][\/vc_row][vc_row][vc_column css_animation=&#8221;fadeInUp&#8221; width=&#8221;1\/2&#8243; css=&#8221;.vc_custom_1506084158646{padding-bottom: 20px !important;}&#8221;]      <div class=\"heading-block heading-5d662c441f633 tac h-h5\">\n                  <h5 class=\"h\">Espanha e Portugal<\/h5>\n              <\/div>\n    [\/vc_column][vc_column width=&#8221;1\/2&#8243;]<div class=\"accordion-items accordion-5d663099a328d vc_custom_1566978205881\"><div class=\"item active\"><div class=\"top\"><div class=\"t\"><\/div><div class=\"cell\">Adagio Distribuci\u00f3n<\/div><\/div><div class=\"wrap\" style=\"display: block;\">Distribui\u00e7\u00e3o de instrumentos musicais e som profissional para Espanha e Portugal.<\/p>\n<p>MARCAS: Acus, Adam, Adams, Alvarez, Aquarian, Arp Synth, Audix, Austin, Blackstar, Carry On, Casio, Cort, Danelectro, Die Hard, Digitech - Dod, Dr, Dynacord, Dynacord Pro, Electro Voice, Focusrite, Focusrite Pro, Furch, Gr Bass, Hagstrom, Hartke, Hk Audio, Hohner, Jhs Pedals, Jose Torres, Keiki, Klotz Cables, Knobloch, Korg, Kyser, L-Tronik, Lava Music, Levy S, Lr Baggs, Mackie, Manhasset, Marcus Miller, Meinl, Modal Electronics, Mooer, Motu, Maton, Nektar, Neutrik, Nino Percussion, Nord, Novation, Oberheim, Oqan, Orange, Orla, Ortega, Peavey, Proel, Prs Guitars, Qflash, Rean, Reloop, Ritter, Rockboard, Sakae, Samson, Schecter, Se Electronics, Sequential, Seymour Duncan, Sire Guitars, Sonic Energy, Sonor, Sonor Orff, Strymon, Suhr, T-Rex, Thomastik, Udg Gear, Viscount, Vox, Walden, Wampler, Xvive.<\/div><\/div><div class=\"item\"><div class=\"top\"><div class=\"t\"><\/div><div class=\"cell\">Adagio PRO<\/div><\/div><div class=\"wrap\">Divis\u00e3o profissional de som e ilumina\u00e7\u00e3o. Departamento de engenharia de projectos.<\/p>\n<p>MARCAS: Adam, Amina, Audix, Divo, DTS, Elation, Fos, Focusrite, Focusrite PRO, HK Audio, Korg, Klark Teknik, K-Array, K-Gear, K-Scape, Lab Gruppen, Lake, L-Tronik, Li.Lac, Magmatic, Midas, Motu, Neutrik, Obsidian, Oqan, PK Sound, Proel, Rean, Reloop, Samson, Tannoy, Turbosound, UDG Gear, Waves, X-vive.<\/div><\/div><div class=\"item\"><div class=\"top\"><div class=\"t\"><\/div><div class=\"cell\">UME Uni\u00f3n Musical<\/div><\/div><div class=\"wrap\">O nosso canal retalhista.<br \/>\nUm total de 10 lojas pr\u00f3prias, mais o portal www.unionmusical.es , constituem a maior rede de lojas de instrumentos musicais em Espanha. Estamos presentes em Madrid, Barcelona, Val\u00eancia, M\u00e1laga, Sevilha, Pamplona, Girona e Sarago\u00e7a.<br \/>\nA nossa cadeia de lojas tem uma equipa de mais de 30 pessoas como for\u00e7a de vendas especializada, com um grande conhecimento do produto e experi\u00eancia no servi\u00e7o ao cliente. Al\u00e9m disso, 9 pessoas est\u00e3o a trabalhar no Ecommerce para posicionar os nossos websites como refer\u00eancias no mercado online.<\/div><\/div><div class=\"item\"><div class=\"top\"><div class=\"t\"><\/div><div class=\"cell\">Grandes cadenas<\/div><\/div><div class=\"wrap\">Nuestras marcas est\u00e1n presentes en las principales cadenas de consumo: Fnac, Carrefour, Alcampo, Worten, Media Markt, Amazon...<br \/>\nEn la gran mayor\u00eda de las cadenas hemos sido los pioneros creando un espacio nuevo de instrumentos musicales dentro de sus secciones.<\/div><\/div><\/div>[\/vc_column][\/vc_row][vc_row][vc_column css_animation=&#8221;fadeInUp&#8221; width=&#8221;1\/2&#8243; css=&#8221;.vc_custom_1506084158646{padding-bottom: 20px !important;}&#8221;]      <div class=\"heading-block heading- tac h-h5\">\n                  <h5 class=\"h\">It\u00e1lia<\/h5>\n              <\/div>\n    [\/vc_column][vc_column width=&#8221;1\/2&#8243;][vc_empty_space]<div class=\"accordion-items accordion-69f5d265a66de vc_custom_1566978205881\"><div class=\"item\"><div class=\"top\"><div class=\"t\"><\/div><div class=\"cell\">Adagio Italia<\/div><\/div><div class=\"wrap\">Distribuidor de instrumentos musicais e som profissional para todo o territ\u00f3rio italiano, C\u00f3rsega e Malta.<\/p>\n<p>MARCAS: Acus, Akg, Altus, Alvarez, Aquarian, Audient, Audix, Austin, Azumi, Bam, Blackstar, Carry On, Cordoba, Cort, Daddario Orchestral, Danelectro, Digitech - Dod, Dr, Dynacord, Electro Voice, Elixir, Furch, Gallien Krueger, Guild, Hagstrom, Hercules, Jargar, Jose Torres, Jupiter, Hohner, Keiki, Klotz Cables, Kohala, Lanikai, Lava Music, Li.lac, Mackie, Mapex, Marcus Miller, Meinl, Modal Electronics, Mooer, Motu, Maton, Neutrik, Nino Percussion, Nuvo, Oqan, Orange, Ortega, Peavey, Qflash, Rean, Seymour Duncan, Sire Guitars, Sonic Energy, Strymon, Suhr, Thomastik, Trace Elliot, Udg Gear, Walden, Xo Brass.<\/div><\/div><div class=\"item\"><div class=\"top\"><div class=\"t\"><\/div><div class=\"cell\">Adagio Italia PRO<\/div><\/div><div class=\"wrap\">Distribuidor de instrumentos musicais e som profissional para todo o territ\u00f3rio italiano, C\u00f3rsega e Malta.<\/p>\n<p>MARCAS: PK Sound, Electro-Voice, Dynacord, Audix, Li.Llac.<\/div><\/div><\/div>[\/vc_column][\/vc_row][vc_row][vc_column css_animation=&#8221;fadeInUp&#8221; width=&#8221;1\/2&#8243; css=&#8221;.vc_custom_1506084158646{padding-bottom: 20px !important;}&#8221;]      <div class=\"heading-block heading-5e4fa0af39ea6 tac h-h5\">\n                  <h5 class=\"h\">Fran\u00e7a<\/h5>\n              <\/div>\n    [\/vc_column][vc_column width=&#8221;1\/2&#8243;][vc_empty_space]<div class=\"accordion-items accordion-69f5d265a681b vc_custom_1566978205881\"><div class=\"item\"><div class=\"top\"><div class=\"t\"><\/div><div class=\"cell\">Adagio France<\/div><\/div><div class=\"wrap\">Distribui\u00e7\u00e3o de instrumentos musicais e som profissional para todo o territ\u00f3rio franc\u00eas.<\/p>\n<p>MARCAS: Alvarez, Austin, Blackstar, Carry On, Danelectro, Hagstrom, Jose Torres, Mat\u00f3n, Modal, Oqan, PRS Guitar, Se Electroni, Wampler, Xvive.<\/div><\/div><\/div>[\/vc_column][\/vc_row][vc_row][vc_column][vc_empty_space][\/vc_column][\/vc_row]<\/p>\n","protected":false},"excerpt":{"rendered":"<p>[vc_row full_width=&#8221;stretch_row_content_no_spaces&#8221; background_parallax=&#8221;&#8221; bg_overlay=&#8221;&#8221; uniqid=&#8221;5e4e7ff585b1e&#8221;][vc_column css=&#8221;.vc_custom_1618565013306{background-position: center !important;background-repeat: no-repeat !important;background-size: cover !important;}&#8221; uniqid=&#8221;5e4e81cbc8599&#8243;][vc_column_text][\/vc_column_text][\/vc_column][\/vc_row][vc_row full_height=&#8221;yes&#8221; columns_placement=&#8221;top&#8221; equal_height=&#8221;yes&#8221; background_parallax=&#8221;&#8221; bg_overlay=&#8221;&#8221; css=&#8221;.vc_custom_1618563520468{padding-top: 50px !important;}&#8221; uniqid=&#8221;6079514fac212&#8243;][vc_column width=&#8221;1\/4&#8243;][vc_empty_space height=&#8221;200px&#8221;][vc_column_text css_animation=&#8221;fadeInLeft&#8221;] Profissionalismo [\/vc_column_text][vc_column_text css_animation=&#8221;fadeInRight&#8221;] Paix\u00e3o [\/vc_column_text][vc_column_text css_animation=&#8221;fadeInUp&#8221;] Efici\u00eancia [\/vc_column_text][vc_column_text css_animation=&#8221;fadeInLeft&#8221;] Inova\u00e7\u00e3o [\/vc_column_text][\/vc_column][vc_column css_animation=&#8221;none&#8221; width=&#8221;3\/4&#8243; css=&#8221;.vc_custom_1582202140164{padding-top: 80px !important;padding-right: 60px !important;padding-bottom: 80px !important;padding-left: 60px !important;background-color: #ffffff !important;}&#8221;][vc_column_text]Somos uma empresa familiar com mais de [&hellip;]<\/p>\n","protected":false},"author":3,"featured_media":0,"parent":0,"menu_order":0,"comment_status":"closed","ping_status":"closed","template":"","meta":{"_acf_changed":false,"footnotes":""},"acf":[],"_links":{"self":[{"href":"https:\/\/www.holmusic.es\/pt-pt\/wp-json\/wp\/v2\/pages\/2226"}],"collection":[{"href":"https:\/\/www.holmusic.es\/pt-pt\/wp-json\/wp\/v2\/pages"}],"about":[{"href":"https:\/\/www.holmusic.es\/pt-pt\/wp-json\/wp\/v2\/types\/page"}],"author":[{"embeddable":true,"href":"https:\/\/www.holmusic.es\/pt-pt\/wp-json\/wp\/v2\/users\/3"}],"replies":[{"embeddable":true,"href":"https:\/\/www.holmusic.es\/pt-pt\/wp-json\/wp\/v2\/comments?post=2226"}],"version-history":[{"count":50,"href":"https:\/\/www.holmusic.es\/pt-pt\/wp-json\/wp\/v2\/pages\/2226\/revisions"}],"predecessor-version":[{"id":4802,"href":"https:\/\/www.holmusic.es\/pt-pt\/wp-json\/wp\/v2\/pages\/2226\/revisions\/4802"}],"wp:attachment":[{"href":"https:\/\/www.holmusic.es\/pt-pt\/wp-json\/wp\/v2\/media?parent=2226"}],"curies":[{"name":"wp","href":"https:\/\/api.w.org\/{rel}","templated":true}]}}