{"id":2085,"date":"2020-02-24T16:02:08","date_gmt":"2020-02-24T16:02:08","guid":{"rendered":"https:\/\/www.holmusic.es\/?page_id=1663"},"modified":"2024-02-05T09:05:44","modified_gmt":"2024-02-05T09:05:44","slug":"servicos","status":"publish","type":"page","link":"https:\/\/www.holmusic.es\/pt-pt\/servicos\/","title":{"rendered":"Servi\u00e7os"},"content":{"rendered":"<p>[vc_row full_width=&#8221;stretch_row_content_no_spaces&#8221; css=&#8221;.vc_custom_1707123938645{margin: 0px !important;padding: 0px !important;background-image: url(http:\/\/www.holmusic.es\/dir-info-cnt\/uploads\/2020\/02\/imagen2-scaled.jpg?id=4371) !important;background-position: center !important;background-repeat: no-repeat !important;background-size: cover !important;border: 0px initial  !important;}&#8221; uniqid=&#8221;65c0a4d2b3401&#8243;][vc_column][vc_empty_space height=&#8221;540px&#8221;][\/vc_column][\/vc_row][vc_row][vc_column css_animation=&#8221;fadeIn&#8221; css=&#8221;.vc_custom_1506084186532{padding-top: 40px !important;}&#8221;]      <div class=\"heading-block heading-5d67b8954c447 tac h-h4 with-line\">\n                  <h4 class=\"h\">SOLU\u00c7\u00d5ES ELECTROAC\u00daSTICAS PROFISSIONAIS<\/h4>\n              <\/div>\n    [vc_column_text]<\/p>\n<p style=\"text-align: center;\">O nosso gabinete t\u00e9cnico \u00e9 composto por profissionais altamente qualificados que possuem as tecnologias mais avan\u00e7adas do mercado para realizar projectos abrangentes de qualquer dimens\u00e3o.<\/p>\n<p style=\"text-align: center;\">O Departamento de Engenharia da Holmusic participa em todas as fases de um projecto para assegurar o mais alto n\u00edvel de satisfa\u00e7\u00e3o dos nossos clientes e dos utilizadores das instala\u00e7\u00f5es envolvidas. Aconselhamo-lo constantemente para o ajudar a alcan\u00e7ar uma solu\u00e7\u00e3o global adaptada \u00e0s necessidades da sua empresa.<\/p>\n<p>[\/vc_column_text][vc_column_text]<\/p>\n<p style=\"text-align: center;\">A nossa experi\u00eancia inclui uma grande variedade de locais e servi\u00e7os, tais como:<\/p>\n<p>[\/vc_column_text][vc_empty_space][vc_row_inner equal_height=&#8221;yes&#8221;][vc_column_inner width=&#8221;1\/3&#8243; css=&#8221;.vc_custom_1505483962485{margin-bottom: 35px !important;}&#8221;][vc_icon icon_fontawesome=&#8221;fas fa-headphones-alt&#8221; color=&#8221;custom&#8221; background_style=&#8221;rounded-outline&#8221; background_color=&#8221;custom&#8221; size=&#8221;xl&#8221; align=&#8221;center&#8221; custom_background_color=&#8221;#c48f56&#8243;][vc_column_text]<\/p>\n<h6 style=\"text-align: center;\"><span style=\"text-transform: uppercase;\">audit\u00f3rios e centros de confer\u00eancia<\/span><\/h6>\n<p>[\/vc_column_text][\/vc_column_inner][vc_column_inner width=&#8221;1\/3&#8243; css=&#8221;.vc_custom_1505483969540{margin-bottom: 35px !important;}&#8221;][vc_icon icon_fontawesome=&#8221;fas fa-school&#8221; color=&#8221;custom&#8221; background_style=&#8221;rounded-outline&#8221; background_color=&#8221;custom&#8221; size=&#8221;xl&#8221; align=&#8221;center&#8221; custom_background_color=&#8221;#c48f56&#8243;][vc_column_text]<\/p>\n<h6 style=\"text-align: center;\"><span style=\"text-transform: uppercase;\">teatros e igrejas<\/span><\/h6>\n<p>[\/vc_column_text][\/vc_column_inner][vc_column_inner width=&#8221;1\/3&#8243; css=&#8221;.vc_custom_1505483974400{margin-bottom: 35px !important;}&#8221;][vc_icon icon_fontawesome=&#8221;music-and-multimedia-megaphone&#8221; color=&#8221;custom&#8221; background_style=&#8221;rounded-outline&#8221; background_color=&#8221;custom&#8221; size=&#8221;xl&#8221; align=&#8221;center&#8221; custom_background_color=&#8221;#c48f56&#8243;][vc_column_text]<\/p>\n<h6 style=\"text-align: center;\"><span style=\"text-transform: uppercase;\">endere\u00e7o p\u00fablico e sistemas de seguran\u00e7a<\/span><\/h6>\n<p>[\/vc_column_text][\/vc_column_inner][vc_column_inner width=&#8221;1\/3&#8243; css=&#8221;.vc_custom_1505483979333{margin-bottom: 35px !important;}&#8221;][vc_icon icon_fontawesome=&#8221;basic-ui-icon-bag&#8221; color=&#8221;custom&#8221; background_style=&#8221;rounded-outline&#8221; background_color=&#8221;custom&#8221; size=&#8221;xl&#8221; align=&#8221;center&#8221; custom_background_color=&#8221;#c48f56&#8243;][vc_column_text]<\/p>\n<h6 style=\"text-align: center;\"><span style=\"text-transform: uppercase;\">shoppings e lojas<\/span><\/h6>\n<p>[\/vc_column_text][\/vc_column_inner][vc_column_inner width=&#8221;1\/3&#8243; css=&#8221;.vc_custom_1505483984191{margin-bottom: 35px !important;}&#8221;][vc_icon icon_fontawesome=&#8221;fas fa-concierge-bell&#8221; color=&#8221;custom&#8221; background_style=&#8221;rounded-outline&#8221; background_color=&#8221;custom&#8221; size=&#8221;xl&#8221; align=&#8221;center&#8221; custom_background_color=&#8221;#c48f56&#8243;][vc_column_text]<\/p>\n<h6 style=\"text-align: center;\"><span style=\"text-transform: uppercase;\">Hot\u00e9is<\/span><\/h6>\n<p>[\/vc_column_text][\/vc_column_inner][vc_column_inner width=&#8221;1\/3&#8243; css=&#8221;.vc_custom_1505483989290{margin-bottom: 35px !important;}&#8221;][vc_icon icon_fontawesome=&#8221;fas fa-glass-martini-alt&#8221; color=&#8221;custom&#8221; background_style=&#8221;rounded-outline&#8221; background_color=&#8221;custom&#8221; size=&#8221;xl&#8221; align=&#8221;center&#8221; custom_background_color=&#8221;#c48f56&#8243;][vc_column_text]<\/p>\n<h6 style=\"text-align: center;\"><span style=\"text-transform: uppercase;\">restaurantes, bares, clubes e boates<\/span><\/h6>\n<p>[\/vc_column_text][\/vc_column_inner][\/vc_row_inner][\/vc_column][\/vc_row][vc_row full_width=&#8221;stretch_row_content_no_spaces&#8221;][vc_column css_animation=&#8221;fadeIn&#8221;]<div class=\"category row category-59ba619c8a88e type-normal\"><div class=\"item category-item-59ba41da0aada white\" style=\"background-image: url(https:\/\/www.holmusic.es\/dir-info-cnt\/uploads\/2020\/02\/Gucci_La_Roca_Village-1.jpg)\">\r\n      \r\n      \r\n      \r\n    <\/div><div class=\"item category-item-59ba41da0aada white\" style=\"background-image: url(https:\/\/www.holmusic.es\/dir-info-cnt\/uploads\/2020\/02\/IMG_0922-1024x682-1.jpg)\">\r\n      \r\n      \r\n      \r\n    <\/div><div class=\"item category-item-59ba41da0aada white\" style=\"background-image: url(https:\/\/www.holmusic.es\/dir-info-cnt\/uploads\/2020\/02\/DSC00773-scaled.jpg)\">\r\n      \r\n      \r\n      \r\n    <\/div><div class=\"item category-item-59ba41da0aada white\" style=\"background-image: url(https:\/\/www.holmusic.es\/dir-info-cnt\/uploads\/2020\/02\/Crank905_BAJA.jpg)\">\r\n      \r\n      \r\n      \r\n    <\/div><div class=\"item category-item-59ba41da0aada white\" style=\"background-image: url(https:\/\/www.holmusic.es\/dir-info-cnt\/uploads\/2020\/02\/instalacio\u0301n.jpg)\">\r\n      \r\n      \r\n      \r\n    <\/div><div class=\"item category-item-59ba41da0aada white\" style=\"background-image: url(https:\/\/www.holmusic.es\/dir-info-cnt\/uploads\/2020\/02\/instalacion2.jpg)\">\r\n      \r\n      \r\n      \r\n    <\/div><\/div>[\/vc_column][\/vc_row][vc_row css=&#8221;.vc_custom_1567078791108{padding-bottom: 30px !important;}&#8221; uniqid=&#8221;5d664be2c7aac&#8221;][vc_column]    <div class=\"brand-block swiper brand-block-5d66456614dc0\" data-magic-cursor=\"link-w-text\" data-magic-cursor-text=\"Drag\">\n      <div class=\"swiper-wrapper\">\n            <div class=\"brand-item swiper-slide brand-item-5d6646a5dbc34 without-hover\">\n      <div class=\"content\">\n                  <a href=\"#\" target=\"_self\">\n                  <img fetchpriority=\"high\" decoding=\"async\" width=\"2261\" height=\"584\" src=\"https:\/\/www.holmusic.es\/dir-info-cnt\/uploads\/2020\/02\/electrovoice.png\" class=\"attachment-full size-full\" alt=\"\" \/>                            <\/a>\n              <\/div>\n    <\/div>\n        <div class=\"brand-item swiper-slide brand-item-5d6646d2e0aa8 without-hover\">\n      <div class=\"content\">\n                  <a href=\"#\" target=\"_self\">\n                  <img decoding=\"async\" width=\"2261\" height=\"584\" src=\"https:\/\/www.holmusic.es\/dir-info-cnt\/uploads\/2020\/02\/dynacord.png\" class=\"attachment-full size-full\" alt=\"\" \/>                            <\/a>\n              <\/div>\n    <\/div>\n        <div class=\"brand-item swiper-slide brand-item-5d6646dd32221 without-hover\">\n      <div class=\"content\">\n                  <a href=\"#\" target=\"_self\">\n                  <img decoding=\"async\" width=\"2261\" height=\"584\" src=\"https:\/\/www.holmusic.es\/dir-info-cnt\/uploads\/2020\/02\/turbosound.png\" class=\"attachment-full size-full\" alt=\"\" \/>                            <\/a>\n              <\/div>\n    <\/div>\n        <div class=\"brand-item swiper-slide brand-item-5d6646e773a1a without-hover\">\n      <div class=\"content\">\n                  <a href=\"#\" target=\"_self\">\n                  <img loading=\"lazy\" decoding=\"async\" width=\"300\" height=\"77\" src=\"https:\/\/www.holmusic.es\/dir-info-cnt\/uploads\/2020\/02\/SEELECTRO_letpro-1.jpg\" class=\"attachment-full size-full\" alt=\"\" \/>                            <\/a>\n              <\/div>\n    <\/div>\n        <div class=\"brand-item swiper-slide brand-item-5d6646f0f1e4e without-hover\">\n      <div class=\"content\">\n                  <a href=\"#\" target=\"_self\">\n                  <img loading=\"lazy\" decoding=\"async\" width=\"146\" height=\"112\" src=\"https:\/\/www.holmusic.es\/dir-info-cnt\/uploads\/2020\/02\/AMINA.jpg\" class=\"attachment-full size-full\" alt=\"\" \/>                            <\/a>\n              <\/div>\n    <\/div>\n          <\/div>\n    <\/div>\n    [\/vc_column][\/vc_row][vc_row][vc_column]      <div class=\"heading-block heading-5e53e801cd310 tac h-h5 with-line\">\n                  <h5 class=\"h\">CONTACTE O NOSSO DEPARTAMENTO DE ENGENHARIA<\/h5>\n              <\/div>\n    [vc_empty_space height=&#8221;40px&#8221;][\/vc_column][\/vc_row][vc_row][vc_column][vc_column_text]\n<div class=\"wpcf7 no-js\" id=\"wpcf7-f2213-o1\" lang=\"es-ES\" dir=\"ltr\">\n<div class=\"screen-reader-response\"><p role=\"status\" aria-live=\"polite\" aria-atomic=\"true\"><\/p> <ul><\/ul><\/div>\n<form action=\"\/pt-pt\/wp-json\/wp\/v2\/pages\/2085#wpcf7-f2213-o1\" method=\"post\" class=\"wpcf7-form init\" aria-label=\"Formulario de contacto\" novalidate=\"novalidate\" data-status=\"init\">\n<div style=\"display: none;\">\n<input type=\"hidden\" name=\"_wpcf7\" value=\"2213\" \/>\n<input type=\"hidden\" name=\"_wpcf7_version\" value=\"5.9.8\" \/>\n<input type=\"hidden\" name=\"_wpcf7_locale\" value=\"es_ES\" \/>\n<input type=\"hidden\" name=\"_wpcf7_unit_tag\" value=\"wpcf7-f2213-o1\" \/>\n<input type=\"hidden\" name=\"_wpcf7_container_post\" value=\"0\" \/>\n<input type=\"hidden\" name=\"_wpcf7_posted_data_hash\" value=\"\" \/>\n<\/div>\n<div class=\"tac\" style=\"max-width: 650px; margin: 0 auto;\">\n<span class=\"wpcf7-form-control-wrap\" data-name=\"name-p\"><input size=\"40\" maxlength=\"400\" class=\"wpcf7-form-control wpcf7-text wpcf7-validates-as-required style3\" aria-required=\"true\" aria-invalid=\"false\" placeholder=\"O seu primeiro e \u00faltimo nome\" value=\"\" type=\"text\" name=\"name-p\" \/><\/span>\n<span class=\"wpcf7-form-control-wrap\" data-name=\"mail\"><input size=\"40\" maxlength=\"400\" class=\"wpcf7-form-control wpcf7-text wpcf7-validates-as-required style3\" aria-required=\"true\" aria-invalid=\"false\" placeholder=\"O seu endere\u00e7o de e-mail\" value=\"\" type=\"text\" name=\"mail\" \/><\/span>\n<span class=\"wpcf7-form-control-wrap\" data-name=\"mail\"><input size=\"40\" maxlength=\"400\" class=\"wpcf7-form-control wpcf7-text wpcf7-validates-as-required style3\" aria-required=\"true\" aria-invalid=\"false\" placeholder=\"Empresa\" value=\"\" type=\"text\" name=\"mail\" \/><\/span>\n<span class=\"wpcf7-form-control-wrap\" data-name=\"mail\"><input size=\"40\" maxlength=\"400\" class=\"wpcf7-form-control wpcf7-text wpcf7-validates-as-required style3\" aria-required=\"true\" aria-invalid=\"false\" placeholder=\"Sector\" value=\"\" type=\"text\" name=\"mail\" \/><\/span>\n<span class=\"wpcf7-form-control-wrap\" data-name=\"text\"><textarea cols=\"40\" rows=\"4\" maxlength=\"2000\" class=\"wpcf7-form-control wpcf7-textarea wpcf7-validates-as-required style3\" aria-required=\"true\" aria-invalid=\"false\" placeholder=\"Mensagem\" name=\"text\"><\/textarea><\/span>\n<input class=\"wpcf7-form-control wpcf7-submit has-spinner button-style1\" type=\"submit\" value=\"Enviar pedido de informa\u00e7\u00e3o\" \/>\n<\/div><div class=\"wpcf7-response-output\" aria-hidden=\"true\"><\/div>\n<\/form>\n<\/div>\n[\/vc_column_text][\/vc_column][\/vc_row][vc_row][vc_column][vc_empty_space][\/vc_column][\/vc_row]<\/p>\n","protected":false},"excerpt":{"rendered":"<p>[vc_row full_width=&#8221;stretch_row_content_no_spaces&#8221; css=&#8221;.vc_custom_1707123938645{margin: 0px !important;padding: 0px !important;background-image: url(http:\/\/www.holmusic.es\/dir-info-cnt\/uploads\/2020\/02\/imagen2-scaled.jpg?id=4371) !important;background-position: center !important;background-repeat: no-repeat !important;background-size: cover !important;border: 0px initial !important;}&#8221; uniqid=&#8221;65c0a4d2b3401&#8243;][vc_column][vc_empty_space height=&#8221;540px&#8221;][\/vc_column][\/vc_row][vc_row][vc_column css_animation=&#8221;fadeIn&#8221; css=&#8221;.vc_custom_1506084186532{padding-top: 40px !important;}&#8221;][vc_column_text] O nosso gabinete t\u00e9cnico \u00e9 composto por profissionais altamente qualificados que possuem as tecnologias mais avan\u00e7adas do mercado para realizar projectos abrangentes de qualquer dimens\u00e3o. O Departamento de Engenharia da Holmusic [&hellip;]<\/p>\n","protected":false},"author":3,"featured_media":0,"parent":0,"menu_order":0,"comment_status":"closed","ping_status":"closed","template":"template-landing.php","meta":{"_acf_changed":false,"footnotes":""},"acf":[],"_links":{"self":[{"href":"https:\/\/www.holmusic.es\/pt-pt\/wp-json\/wp\/v2\/pages\/2085"}],"collection":[{"href":"https:\/\/www.holmusic.es\/pt-pt\/wp-json\/wp\/v2\/pages"}],"about":[{"href":"https:\/\/www.holmusic.es\/pt-pt\/wp-json\/wp\/v2\/types\/page"}],"author":[{"embeddable":true,"href":"https:\/\/www.holmusic.es\/pt-pt\/wp-json\/wp\/v2\/users\/3"}],"replies":[{"embeddable":true,"href":"https:\/\/www.holmusic.es\/pt-pt\/wp-json\/wp\/v2\/comments?post=2085"}],"version-history":[{"count":9,"href":"https:\/\/www.holmusic.es\/pt-pt\/wp-json\/wp\/v2\/pages\/2085\/revisions"}],"predecessor-version":[{"id":4741,"href":"https:\/\/www.holmusic.es\/pt-pt\/wp-json\/wp\/v2\/pages\/2085\/revisions\/4741"}],"wp:attachment":[{"href":"https:\/\/www.holmusic.es\/pt-pt\/wp-json\/wp\/v2\/media?parent=2085"}],"curies":[{"name":"wp","href":"https:\/\/api.w.org\/{rel}","templated":true}]}}