{"id":2225,"date":"2021-03-16T11:54:44","date_gmt":"2021-03-16T11:54:44","guid":{"rendered":"https:\/\/www.holmusic.es\/?page_id=2221"},"modified":"2026-02-16T14:32:31","modified_gmt":"2026-02-16T14:32:31","slug":"chisiamo","status":"publish","type":"page","link":"https:\/\/www.holmusic.es\/it\/chisiamo\/","title":{"rendered":"CHI SIAMO"},"content":{"rendered":"<p>[vc_row full_width=&#8221;stretch_row_content_no_spaces&#8221; background_parallax=&#8221;&#8221; bg_overlay=&#8221;&#8221; uniqid=&#8221;5e4e7ff585b1e&#8221;][vc_column css=&#8221;.vc_custom_1582203359376{background-position: center !important;background-repeat: no-repeat !important;background-size: cover !important;}&#8221; uniqid=&#8221;5e4e81cbc8599&#8243;][vc_column_text]\n\t\t\t<!-- START MUSICGALLERY REVOLUTION SLIDER 6.6.16 --><p class=\"rs-p-wp-fix\"><\/p>\n\t\t\t<rs-module-wrap id=\"rev_slider_3_1_wrapper\" data-source=\"gallery\" style=\"visibility:hidden;background:transparent;padding:0;margin:0px auto;margin-top:0;margin-bottom:0;\">\n\t\t\t\t<rs-module id=\"rev_slider_3_1\" style=\"\" data-version=\"6.6.16\">\n\t\t\t\t\t<rs-slides style=\"overflow: hidden; position: absolute;\">\n\t\t\t\t\t\t<rs-slide style=\"position: absolute;\" data-key=\"rs-5\" data-title=\"Slide\" data-thumb=\"\/\/www.holmusic.es\/dir-info-cnt\/uploads\/2022\/02\/web-holmusic-100x50.jpg\" data-anim=\"ms:600;r:0;\" data-in=\"o:0;\" data-out=\"a:false;\">\n\t\t\t\t\t\t\t<img fetchpriority=\"high\" decoding=\"async\" src=\"\/\/www.holmusic.es\/dir-info-cnt\/plugins\/revslider\/public\/assets\/assets\/dummy.png\" alt=\"\" title=\"web-holmusic\" width=\"1587\" height=\"982\" class=\"rev-slidebg tp-rs-img rs-lazyload\" data-lazyload=\"\/\/www.holmusic.es\/dir-info-cnt\/uploads\/2022\/02\/web-holmusic.jpg\" data-no-retina>\n<!---->\t\t\t\t\t\t<\/rs-slide>\n\t\t\t\t\t\t<rs-slide style=\"position: absolute;\" data-key=\"rs-6\" data-title=\"Slide\" data-thumb=\"\/\/www.holmusic.es\/dir-info-cnt\/uploads\/2022\/02\/letusa-web-holmusic-scaled-100x50.jpg\" data-anim=\"ms:600;r:0;\" data-in=\"o:0;\" data-out=\"a:false;\">\n\t\t\t\t\t\t\t<img decoding=\"async\" src=\"\/\/www.holmusic.es\/dir-info-cnt\/plugins\/revslider\/public\/assets\/assets\/dummy.png\" alt=\"\" title=\"Dise\u00f1o sin t\u00edtulo\" width=\"2560\" height=\"1329\" class=\"rev-slidebg tp-rs-img rs-lazyload\" data-lazyload=\"\/\/www.holmusic.es\/dir-info-cnt\/uploads\/2022\/02\/letusa-web-holmusic-scaled.jpg\" data-no-retina>\n<!---->\t\t\t\t\t\t<\/rs-slide>\n\t\t\t\t\t<\/rs-slides>\n\t\t\t\t<\/rs-module>\n\t\t\t\t<script>\n\t\t\t\t\tsetREVStartSize({c: 'rev_slider_3_1',rl:[1240,1024,778,480],el:[300],gw:[1240],gh:[300],type:'standard',justify:'',layout:'fullwidth',mh:\"0\"});if (window.RS_MODULES!==undefined && window.RS_MODULES.modules!==undefined && window.RS_MODULES.modules[\"revslider31\"]!==undefined) {window.RS_MODULES.modules[\"revslider31\"].once = false;window.revapi3 = undefined;if (window.RS_MODULES.checkMinimal!==undefined) window.RS_MODULES.checkMinimal()}\n\t\t\t\t<\/script>\n\t\t\t<\/rs-module-wrap>\n\t\t\t<!-- END REVOLUTION SLIDER -->\n[\/vc_column_text][\/vc_column][\/vc_row][vc_row full_height=&#8221;yes&#8221; columns_placement=&#8221;top&#8221; equal_height=&#8221;yes&#8221; content_placement=&#8221;top&#8221; css=&#8221;.vc_custom_1582205257015{padding-top: 50px !important;}&#8221;][vc_column width=&#8221;1\/4&#8243;][vc_empty_space height=&#8221;200px&#8221;][vc_column_text css_animation=&#8221;fadeInLeft&#8221;]<\/p>\n<h4>Professionalit\u00e0<\/h4>\n<p>[\/vc_column_text][vc_column_text css_animation=&#8221;fadeInRight&#8221;]<\/p>\n<h5 style=\"text-align: justify;\"><span style=\"color: #808080;\">Passione<\/span><\/h5>\n<p>[\/vc_column_text][vc_column_text css_animation=&#8221;fadeInUp&#8221;]<\/p>\n<h4 style=\"text-align: left;\">Efficienza<\/h4>\n<p>[\/vc_column_text][vc_column_text css_animation=&#8221;fadeInLeft&#8221;]<\/p>\n<h5><span style=\"color: #c48f56;\">Innovazione<\/span><\/h5>\n<p>[\/vc_column_text][\/vc_column][vc_column css_animation=&#8221;none&#8221; width=&#8221;3\/4&#8243; css=&#8221;.vc_custom_1582202140164{padding-top: 80px !important;padding-right: 60px !important;padding-bottom: 80px !important;padding-left: 60px !important;background-color: #ffffff !important;}&#8221;]      <div class=\"heading-block heading-5e4f96d7588f7 tal h-h3 with-line vc_custom_1616578459257\">\n                  <div class=\"sub-h\">HOLMUSIC : SPAGNA, PORTOGALLO, FRANCIA E ITALIA<\/div>\n                  <h3 class=\"h\">CHI SIAMO<\/h3>\n              <\/div>\n    [vc_column_text]Siamoo un&#8217;azienda familiare con oltre 48 anni di storia che si \u00e8 affermata come la societ\u00e0 di distribuzione pi\u00f9 innovativa e dinamica all&#8217;interno del mercato degli strumenti musicali e dell&#8217;audio professionale in Spagna, Portogallo, Italia e Francia.<\/p>\n<p>L&#8217;azienda \u00e8 stata fondata come negozio di musica a Barcellona. A poco a poco questa attivit\u00e0 ha incluso nel suo catalogo brand esclusivi di strumenti musicali, per diventare un&#8217;azienda con una gestione altamente professionalizzata e uno staff di oltre 190 persone che \u00e8 presente in tutti i canali di vendita del mercato degli strumenti musicali, dell&#8217;audio professionale e dell&#8217;illuminazione spettacolare.<\/p>\n<p>Tuttavia, dopo la grande crescita raggiunta, Holmusic rimane un&#8217;azienda a conduzione familiare che mantiene gli stessi valori di miglioramento e qualit\u00e0.<\/p>\n<p>La sede centrale del Gruppo si trova a Barcellona e dispone di strutture di 7.000 m2 suddivise tra uffici, servizio tecnico e magazzino.[\/vc_column_text][vc_empty_space][\/vc_column][\/vc_row][vc_row][vc_column css_animation=&#8221;fadeInUp&#8221; width=&#8221;1\/4&#8243; css=&#8221;.vc_custom_1506084158646{padding-bottom: 20px !important;}&#8221;][vc_column_text css_animation=&#8221;zoomIn&#8221;]+ 48 anni di storia\/<\/p>\n<p>199 persone al vostro servizio\/<\/p>\n<p>7.000 m2 di magazzino.[\/vc_column_text][\/vc_column][vc_column width=&#8221;3\/4&#8243;]      <div class=\"heading-block heading-6034db2bfe749 tac h-h2 with-line vc_custom_1616578504770\">\n                  <h2 class=\"h\">Perch\u00e9 sceglierci noi?<\/h2>\n              <\/div>\n    [vc_empty_space][vc_row_inner equal_height=&#8221;yes&#8221;][vc_column_inner width=&#8221;1\/3&#8243; css=&#8221;.vc_custom_1505483962485{margin-bottom: 35px !important;}&#8221;][vc_icon icon_fontawesome=&#8221;multimedia-icon-medal&#8221; color=&#8221;custom&#8221; background_style=&#8221;rounded-outline&#8221; background_color=&#8221;custom&#8221; size=&#8221;xl&#8221; align=&#8221;center&#8221; custom_background_color=&#8221;#c48f56&#8243;][vc_column_text]<\/p>\n<h6 style=\"text-align: center;\">48 ANNI DI ESPERIENZA<\/h6>\n<p style=\"text-align: left;\"><span style=\"font-weight: 300; font-size: 14px;\">In Holmusic crediamo fermamente in nuovi modelli di distribuzione che rompono con le vecchie strutture arcaiche.<\/span><\/p>\n<p style=\"text-align: left;\"><span style=\"font-weight: 300; font-size: 14px;\">In tutti questi anni siamo stati in grado di adattare e anticipare i rapidi cambiamenti che il mercato ha subito, consolidando la nostra posizione di distributore leader di strumenti musicali e suono professionale nel Sud Europa.<\/span><\/p>\n<p>[\/vc_column_text][\/vc_column_inner][vc_column_inner width=&#8221;1\/3&#8243; css=&#8221;.vc_custom_1505483969540{margin-bottom: 35px !important;}&#8221;][vc_icon icon_fontawesome=&#8221;multimedia-icon-users&#8221; color=&#8221;custom&#8221; background_style=&#8221;rounded-outline&#8221; background_color=&#8221;custom&#8221; size=&#8221;xl&#8221; align=&#8221;center&#8221; custom_background_color=&#8221;#c48f56&#8243;][vc_column_text]<\/p>\n<h6 style=\"text-align: center;\">PERSONALE DI 199 DIPENDENTI<\/h6>\n<h6 style=\"text-align: center;\"><span style=\"font-size: 14px; font-weight: 300;\">Abbiamo un team o professionisti affermati, motivati e altamente qualificati in ogni paese in cui operiamo e per ogni divisione aziendale, focalizzati sulla fornitura di soluzioni efficaci e specifiche alle esigenze dei nostri clienti e sulla creazione di relazioni solide e durature basate sui fatti.<\/span><\/h6>\n<p style=\"text-align: left;\"><span style=\"font-size: 14px; font-weight: 300;\">In Holmusic siamo guidati dall&#8217;impegno, dall&#8217;imprenditorialit\u00e0 e dall&#8217;autenticit\u00e0.<\/span><\/p>\n<p>[\/vc_column_text][\/vc_column_inner][vc_column_inner width=&#8221;1\/3&#8243; css=&#8221;.vc_custom_1505483974400{margin-bottom: 35px !important;}&#8221;][vc_icon icon_fontawesome=&#8221;web-application-icon-earth-globe-1&#8243; color=&#8221;custom&#8221; background_style=&#8221;rounded-outline&#8221; background_color=&#8221;custom&#8221; size=&#8221;xl&#8221; align=&#8221;center&#8221; custom_background_color=&#8221;#c48f56&#8243;][vc_column_text]<\/p>\n<h6 style=\"text-align: center;\">DISTRIBUZIONE INTERNAZIONALE<\/h6>\n<p style=\"text-align: left;\"><span style=\"font-size: 14px; font-weight: 300;\">Il nostro modello si basa sulla distribuzione internazionale dei migliori brand grazie anche ad una piattaforma logistica estremamente veloce.<\/span><\/p>\n<p style=\"text-align: left;\"><span style=\"font-size: 14px; font-weight: 300;\">Molti brand hanno trovato in Holmusic il partner ideale che consente loro di accedere contemporaneamente a nuovi canali di vendita nei territori del Sud Europa.<\/span><\/p>\n<p>[\/vc_column_text][\/vc_column_inner][vc_column_inner width=&#8221;1\/3&#8243; css=&#8221;.vc_custom_1505483979333{margin-bottom: 35px !important;}&#8221;][vc_icon icon_fontawesome=&#8221;web-application-icon-subwoofer-speaker&#8221; color=&#8221;custom&#8221; background_style=&#8221;rounded-outline&#8221; background_color=&#8221;custom&#8221; size=&#8221;xl&#8221; align=&#8221;center&#8221; custom_background_color=&#8221;#c48f56&#8243;][vc_column_text]<\/p>\n<h6 style=\"text-align: center;\">PORTAFOGLIO CON PI\u00da DI 50 BRAND<\/h6>\n<p style=\"text-align: left;\"><span style=\"font-size: 14px;\"><span style=\"font-weight: 300;\">Siamo i distributori esclusivi di pi\u00f9 di 50 brand musicali famosi a livello mondiale. Il 90% dei nostri clienti si fida di noi da pi\u00f9 di 15 anni. Siamo ben noti per la fedelt\u00e0 dei nostri marchi e la grande conoscenza del prodotto.<\/span><\/span><\/p>\n<p style=\"text-align: left;\"><span style=\"font-size: 14px;\"><span style=\"font-weight: 300;\">Alcuni dei nostri marchi:<\/span><\/span><\/p>\n<p><span style=\"font-size: 14px;\"><span style=\"font-weight: 300;\">Casio, <\/span><\/span><span style=\"font-size: 14px;\"><span style=\"font-weight: 300;\">Hohner, Korg, Mackie, Adam Audio, Nord, HK Audio, Prs Guitars, Orange, Focusrite, Novation, Audix, Meinl, DTS, Motu, D&#8217;Addario, Peavey, Proel, Ortega, Midas, Reloop, Tannoy, Samson, Blackstar, Dixon, Guild, Hagstrom, Cort, Elixir, Strings, Mapex, Sire, Marcus Miller&#8230;<\/span><\/span>[\/vc_column_text][\/vc_column_inner][vc_column_inner width=&#8221;1\/3&#8243; css=&#8221;.vc_custom_1505483984191{margin-bottom: 35px !important;}&#8221;][vc_icon icon_fontawesome=&#8221;basic-ui-icon-store&#8221; color=&#8221;custom&#8221; background_style=&#8221;rounded-outline&#8221; background_color=&#8221;custom&#8221; size=&#8221;xl&#8221; align=&#8221;center&#8221; custom_background_color=&#8221;#c48f56&#8243;][vc_column_text]<\/p>\n<h6 style=\"text-align: center;\">CANALE DI VENDITA AL DETTAGLIO<\/h6>\n<p style=\"text-align: left;\"><span style=\"font-size: 14px; font-weight: 300;\">Siamo in grado di introdurre sul mercato diversi prodotti musicali in base a qualsiasi esigenza.n molti canali diversi e coprire esigenze diverse.<\/span><\/p>\n<p style=\"text-align: left;\"><span style=\"font-size: 14px; font-weight: 300;\">Disponiamo di 16 negozi distribuiti in tutto il territorio spagnolo e 3 e-commerce con un team di oltre 39 persone specializzate, tecnici e addetti al servizio clienti.<\/span><\/p>\n<p style=\"text-align: left;\"><span style=\"font-size: 14px; font-weight: 300;\">Siamo in grado di introdurre i migliori prodotti musicali nelle principali catene in Italia, Spagna, Portogallo, Francia grazie all\u00b4accesso diretto al canale di vendita dell\u00b4elettronica di consumo.<\/span><\/p>\n<p>[\/vc_column_text][\/vc_column_inner][vc_column_inner width=&#8221;1\/3&#8243; css=&#8221;.vc_custom_1505483989290{margin-bottom: 35px !important;}&#8221;][vc_icon icon_fontawesome=&#8221;basic-ui-icon-stats&#8221; color=&#8221;custom&#8221; background_style=&#8221;rounded-outline&#8221; background_color=&#8221;custom&#8221; size=&#8221;xl&#8221; align=&#8221;center&#8221; custom_background_color=&#8221;#c48f56&#8243;][vc_column_text]<\/p>\n<h6 style=\"text-align: center;\">BUSINESS INTELLIGENCE<\/h6>\n<p style=\"text-align: left;\"><span style=\"font-size: 14px; font-weight: 300;\">Forniamo ai nostri marchi e ai nostri clienti eccellenti informazioni di mercato utilizzando gli ultimi strumenti disponibili per tracciare le vendite, dettagliati per zona, canale, cliente e sku, mostrando informazioni pertinenti che facilitano decisioni importanti. <\/span><\/p>\n<p style=\"text-align: left;\"><span style=\"font-size: 14px; font-weight: 300;\">Attualmente lavoriamo con:<\/span><\/p>\n<p style=\"text-align: left;\"><span style=\"font-size: 14px; font-weight: 400;\">Microsoft Dynamics ERP\/CRM <\/span><\/p>\n<p style=\"text-align: left;\"><span style=\"font-size: 14px; font-weight: 400;\">Software di acquisto SlimStock <\/span><\/p>\n<p style=\"text-align: left;\"><span style=\"font-size: 14px; font-weight: 400;\">Microsoft Power BI<\/span><\/p>\n<p>[\/vc_column_text][\/vc_column_inner][\/vc_row_inner][\/vc_column][\/vc_row][vc_row equal_height=&#8221;yes&#8221; content_placement=&#8221;middle&#8221; css=&#8221;.vc_custom_1505376354305{padding-top: 50px !important;padding-bottom: 50px !important;}&#8221;][vc_column css_animation=&#8221;fadeInLeft&#8221; width=&#8221;1\/2&#8243; content_color=&#8221;light&#8221; css=&#8221;.vc_custom_1614170872084{padding-top: 80px !important;padding-right: 40px !important;padding-bottom: 80px !important;padding-left: 40px !important;background-color: #e8e8e8 !important;}&#8221; uniqid=&#8221;5e4e92ed08275&#8243;]      <div class=\"heading-block heading-5d67b7d65a517 tal h-h3 with-line vc_custom_1615910071419\">\n                  <div class=\"sub-h\">SOLUZIONI INTEGRALI<\/div>\n                  <h3 class=\"h\">Tutto in un distributore<\/h3>\n              <\/div>\n    [vc_empty_space height=&#8221;22px&#8221;][vc_row_inner uniqid=&#8221;5e4e93e055b3b&#8221;][vc_column_inner width=&#8221;1\/2&#8243;][vc_column_text]<\/p>\n<div class=\"skill-item \">\n<h6>VASTA GAMMA DI PRODOTTI<\/h6>\n<p><span style=\"font-size: 14px;\">Accesso ai brand leader del mercato. Disponibilit\u00e0 immediata di stock nel nostro magazzino di oltre il 90% dei nostri prodotti.<\/span><\/div>\n<div class=\"skill-item \"><\/div>\n<p>[\/vc_column_text][\/vc_column_inner][vc_column_inner width=&#8221;1\/2&#8243;][vc_column_text]<\/p>\n<div class=\"skill-item \">\n<h6>LOGISTICA<\/h6>\n<p><span style=\"font-size: 14px;\">Abbiamo un magazzino di 7.000 m2 in totale dove vengono effettuate 3 spedizioni giornaliere con un tempo medio di consegna in Europa di 24\/36 ore.<\/span><\/div>\n<div class=\"skill-item \"><\/div>\n<p>[\/vc_column_text][\/vc_column_inner][\/vc_row_inner][vc_row_inner][vc_column_inner width=&#8221;1\/2&#8243;][vc_column_text]<\/p>\n<div class=\"skill-item \">\n<h6>ACQUISTO B2B<\/h6>\n<p><span style=\"font-size: 14px;\">Potente e intuitivo strumento di lavoro che permette di accedere a tutti gli articoli delle marche distribuite da Holmusic, conoscendo in tempo reale lo stock, le novit\u00e0, gli ordini, le spedizioni, le fatture, le offerte, ecc.<\/span><\/div>\n<div class=\"skill-item \"><\/div>\n<p>[\/vc_column_text][vc_column_text]<\/p>\n<div class=\"skill-item \">\n<h6>SERVIZIO FTP &#8211; CSV<\/h6>\n<p><span style=\"font-size: 14px;\">Offriamo ai nostri clienti un servizio di integrazione dei dati attraverso un file CSV che pu\u00f2 essere scaricato da un indirizzo FTP con informazioni aggiornate ogni tre ore.<\/span><\/div>\n<div class=\"skill-item \"><\/div>\n<p>[\/vc_column_text][\/vc_column_inner][vc_column_inner width=&#8221;1\/2&#8243;][vc_column_text]<\/p>\n<h6>DROPSHIPPING<\/h6>\n<p><span style=\"font-size: 14px;\">Facile e funzionale. Inviamo i prodotti direttamente ai vostri clienti beneficiando delle nostre condizioni logistiche vantaggiose.<\/span>[\/vc_column_text][vc_column_text]<\/p>\n<div class=\"skill-item \">\n<h6>MARKETING 360\u00ba<\/h6>\n<p><span style=\"font-size: 14px;\">Azioni di marketing online\/offline strategiche e costanti basate sulla comprensione del nostro cliente target, trasmettendo lo stesso messaggio dai nostri marchi rappresentati attraverso il distributore al consumatore finale.<\/span><\/div>\n<div class=\"skill-item \"><\/div>\n<p>[\/vc_column_text][\/vc_column_inner][\/vc_row_inner][vc_row_inner][vc_column_inner width=&#8221;1\/2&#8243;][vc_column_text]<\/p>\n<div class=\"skill-item \">\n<h6>SERVIZIO POST-VENDITA<\/h6>\n<p><span style=\"font-size: 14px;\">Consulenza post-vendita per tutti i nostri prodotti.<\/span><br \/>\n<span style=\"font-size: 14px;\">Servizio tecnico e gestione della garanzia.<\/span><\/div>\n<div class=\"skill-item \"><\/div>\n<p>[\/vc_column_text][\/vc_column_inner][vc_column_inner width=&#8221;1\/2&#8243;][vc_column_text]<\/p>\n<div class=\"skill-item \">\n<h6>INGEGNERIA E SUPPORTO AL PROGETTO<\/h6>\n<p><span style=\"font-size: 14px;\">Il nostro ufficio tecnico \u00e8 composto da professionisti altamente qualificati in grado di realizzare o consigliare progetti integrali di qualsiasi dimensione.<\/span><\/div>\n<div class=\"skill-item \"><\/div>\n<p>[\/vc_column_text][\/vc_column_inner][\/vc_row_inner][\/vc_column][vc_column css_animation=&#8221;fadeInRight&#8221; width=&#8221;1\/2&#8243; css=&#8221;.vc_custom_1582289511407{border-right-width: 0px !important;padding-top: 250px !important;padding-bottom: 250px !important;background-image: url(https:\/\/www.holmusic.es\/dir-info-cnt\/uploads\/2020\/02\/06_2.jpg?id=1587) !important;}&#8221; uniqid=&#8221;5e4ea27126bc5&#8243;][\/vc_column][\/vc_row][vc_row el_id=&#8221;divisiones&#8221; uniqid=&#8221;651d3c7ae998c&#8221;][vc_column css_animation=&#8221;fadeInUp&#8221; css=&#8221;.vc_custom_1506084158646{padding-bottom: 20px !important;}&#8221;]      <div class=\"heading-block heading- tac h-h2 with-line vc_custom_1615910332243\">\n                  <h2 class=\"h\">Divisioni commerciali<\/h2>\n              <\/div>\n    [\/vc_column][\/vc_row][vc_row][vc_column css_animation=&#8221;fadeInUp&#8221; width=&#8221;1\/2&#8243; css=&#8221;.vc_custom_1506084158646{padding-bottom: 20px !important;}&#8221;]      <div class=\"heading-block heading-5d662c441f633 tac h-h5\">\n                  <h5 class=\"h\">Spagna e Portogallo<\/h5>\n              <\/div>\n    [\/vc_column][vc_column width=&#8221;1\/2&#8243;]<div class=\"accordion-items accordion-5d663099a328d vc_custom_1566978205881\"><div class=\"item active\"><div class=\"top\"><div class=\"t\"><\/div><div class=\"cell\">Adagio Distribuci\u00f3n<\/div><\/div><div class=\"wrap\" style=\"display: block;\">Distribuzione di strumenti musicali e suono professionale per Spagna e Portogallo.<\/p>\n<p>BRAND: Acus, Adam, Adams, Alvarez, Aquarian, Arp Synth, Audix, Austin, Blackstar, Carry On, Casio, Cort, Danelectro, Die Hard, Digitech - Dod, Dr, Dynacord, Dynacord Pro, Electro Voice, Focusrite, Focusrite Pro, Furch, Gr Bass, Hagstrom, Hartke, Hk Audio, Hohner, Jhs Pedals, Jose Torres, Keiki, Klotz Cables, Knobloch, Korg, Kyser, L-Tronik, Lava Music, Levy S, Lr Baggs, Mackie, Manhasset, Marcus Miller, Meinl, Modal Electronics, Mooer, Motu, Maton, Nektar, Neutrik, Nino Percussion, Nord, Novation, Oberheim, Oqan, Orange, Orla, Ortega, Peavey, Proel, Prs Guitars, Qflash, Rean, Reloop, Ritter, Rockboard, Sakae, Samson, Schecter, Se Electronics, Sequential, Seymour Duncan, Sire Guitars, Sonic Energy, Sonor, Sonor Orff, Strymon, Suhr, T-Rex, Thomastik, Udg Gear, Viscount, Vox, Walden, Wampler, Xvive.<\/div><\/div><div class=\"item\"><div class=\"top\"><div class=\"t\"><\/div><div class=\"cell\">Adagio PRO<\/div><\/div><div class=\"wrap\">Divisione professionale di suono e illuminazione. Dipartimento di ingegneria del progetto.<\/p>\n<p>BRAND: Adam, Amina, Audix, Divo, DTS, Elation, Fos, Focusrite, Focusrite PRO, HK Audio, Korg, Klark Teknik, K-Array, K-Gear, K-Scape, Lab Gruppen, Lake, L-Tronik, Li.Lac, Magmatic, Midas, Motu, Neutrik, Obsidian, Oqan, PK Sound, Proel, Rean, Reloop, Samson, Tannoy, Turbosound, UDG Gear, Waves, X-vive.<\/div><\/div><div class=\"item\"><div class=\"top\"><div class=\"t\"><\/div><div class=\"cell\">UME Uni\u00f3n Musical<\/div><\/div><div class=\"wrap\">Il nostro canale di vendita al dettaglio.<br \/>\nUn totale di 10 negozi propri, pi\u00f9 il portale www.unionmusical.es , costituiscono la pi\u00f9 grande rete di negozi di strumenti musicali in Spagna. Siamo presenti a Madrid, Barcellona, Valencia, Malaga, Siviglia, Pamplona, Girona e Saragozza.<br \/>\nLa nostra catena di negozi ha un team di pi\u00f9 di 30 persone come forza di vendita specializzata, con una grande conoscenza del prodotto ed esperienza nel servizio clienti. Inoltre, 9 persone stanno lavorando in Ecommerce per posizionare i nostri siti web come riferimenti nel mercato online.<\/div><\/div><div class=\"item\"><div class=\"top\"><div class=\"t\"><\/div><div class=\"cell\">Grandi catene di negozi<\/div><\/div><div class=\"wrap\">I nostri marchi sono presenti nelle principali catene di consumo: Fnac, Carrefour, Alcampo, Worten, Media Markt, Amazon...<br \/>\nNella maggior parte delle catene siamo stati i pionieri che hanno creato un nuovo spazio per gli strumenti musicali all'interno delle loro sezioni.<\/div><\/div><\/div>[\/vc_column][\/vc_row][vc_row][vc_column css_animation=&#8221;fadeInUp&#8221; width=&#8221;1\/2&#8243; css=&#8221;.vc_custom_1506084158646{padding-bottom: 20px !important;}&#8221;]      <div class=\"heading-block heading- tac h-h5\">\n                  <h5 class=\"h\">Italia<\/h5>\n              <\/div>\n    [\/vc_column][vc_column width=&#8221;1\/2&#8243;][vc_empty_space]<div class=\"accordion-items accordion-6a032aae2532c vc_custom_1566978205881\"><div class=\"item\"><div class=\"top\"><div class=\"t\"><\/div><div class=\"cell\">Adagio Italia<\/div><\/div><div class=\"wrap\">Distributore di strumenti musicali e suono professionale per tutto il territorio italiano, Corsica e Malta.<\/p>\n<p>BRAND: Acus, Akg, Altus, Alvarez, Aquarian, Audient, Audix, Austin, Azumi, Bam, Blackstar, Carry On, Cordoba, Cort, Daddario Orchestral, Danelectro, Digitech - Dod, Dr, Dynacord, Electro Voice, Elixir, Furch, Gallien Krueger, Guild, Hagstrom, Hercules, Jargar, Jose Torres, Jupiter, Hohner, Keiki, Klotz Cables, Kohala, Lanikai, Lava Music, Li.lac, Mackie, Mapex, Marcus Miller, Meinl, Modal Electronics, Mooer, Motu, Maton, Neutrik, Nino Percussion, Nuvo, Oqan, Orange, Ortega, Peavey, Qflash, Rean, Seymour Duncan, Sire Guitars, Sonic Energy, Strymon, Suhr, Thomastik, Trace Elliot, Udg Gear, Walden, Xo Brass.<\/div><\/div><div class=\"item\"><div class=\"top\"><div class=\"t\"><\/div><div class=\"cell\">Adagio Italia PRO<\/div><\/div><div class=\"wrap\">Distributore di strumenti musicali e suono professionale per tutto il territorio italiano, Corsica e Malta.<\/p>\n<p>BRAND: PK Sound, Electro-Voice, Dynacord, Audix, Li.Llac.<\/div><\/div><\/div>[\/vc_column][\/vc_row][vc_row][vc_column css_animation=&#8221;fadeInUp&#8221; width=&#8221;1\/2&#8243; css=&#8221;.vc_custom_1506084158646{padding-bottom: 20px !important;}&#8221;]      <div class=\"heading-block heading-5e4fa0af39ea6 tac h-h5\">\n                  <h5 class=\"h\">Francia<\/h5>\n              <\/div>\n    [\/vc_column][vc_column width=&#8221;1\/2&#8243;][vc_empty_space]<div class=\"accordion-items accordion-6a032aae25489 vc_custom_1566978205881\"><div class=\"item\"><div class=\"top\"><div class=\"t\"><\/div><div class=\"cell\">Adagio France<\/div><\/div><div class=\"wrap\">Distribuzione di strumenti musicali e suono professionale per tutto il territorio francese.<\/p>\n<p>BRAND: Alvarez, Austin, Blackstar, Carry On, Danelectro, Hagstrom, Jose Torres, Mat\u00f3n, Modal, Oqan, PRS Guitar, Se Electroni, Wampler, Xvive.<\/div><\/div><\/div>[\/vc_column][\/vc_row][vc_row][vc_column][vc_empty_space][\/vc_column][\/vc_row]<\/p>\n","protected":false},"excerpt":{"rendered":"<p>[vc_row full_width=&#8221;stretch_row_content_no_spaces&#8221; background_parallax=&#8221;&#8221; bg_overlay=&#8221;&#8221; uniqid=&#8221;5e4e7ff585b1e&#8221;][vc_column css=&#8221;.vc_custom_1582203359376{background-position: center !important;background-repeat: no-repeat !important;background-size: cover !important;}&#8221; uniqid=&#8221;5e4e81cbc8599&#8243;][vc_column_text][\/vc_column_text][\/vc_column][\/vc_row][vc_row full_height=&#8221;yes&#8221; columns_placement=&#8221;top&#8221; equal_height=&#8221;yes&#8221; content_placement=&#8221;top&#8221; css=&#8221;.vc_custom_1582205257015{padding-top: 50px !important;}&#8221;][vc_column width=&#8221;1\/4&#8243;][vc_empty_space height=&#8221;200px&#8221;][vc_column_text css_animation=&#8221;fadeInLeft&#8221;] Professionalit\u00e0 [\/vc_column_text][vc_column_text css_animation=&#8221;fadeInRight&#8221;] Passione [\/vc_column_text][vc_column_text css_animation=&#8221;fadeInUp&#8221;] Efficienza [\/vc_column_text][vc_column_text css_animation=&#8221;fadeInLeft&#8221;] Innovazione [\/vc_column_text][\/vc_column][vc_column css_animation=&#8221;none&#8221; width=&#8221;3\/4&#8243; css=&#8221;.vc_custom_1582202140164{padding-top: 80px !important;padding-right: 60px !important;padding-bottom: 80px !important;padding-left: 60px !important;background-color: #ffffff !important;}&#8221;][vc_column_text]Siamoo un&#8217;azienda familiare con oltre 48 anni di storia [&hellip;]<\/p>\n","protected":false},"author":3,"featured_media":0,"parent":0,"menu_order":0,"comment_status":"closed","ping_status":"closed","template":"","meta":{"_acf_changed":false,"footnotes":""},"acf":[],"_links":{"self":[{"href":"https:\/\/www.holmusic.es\/it\/wp-json\/wp\/v2\/pages\/2225"}],"collection":[{"href":"https:\/\/www.holmusic.es\/it\/wp-json\/wp\/v2\/pages"}],"about":[{"href":"https:\/\/www.holmusic.es\/it\/wp-json\/wp\/v2\/types\/page"}],"author":[{"embeddable":true,"href":"https:\/\/www.holmusic.es\/it\/wp-json\/wp\/v2\/users\/3"}],"replies":[{"embeddable":true,"href":"https:\/\/www.holmusic.es\/it\/wp-json\/wp\/v2\/comments?post=2225"}],"version-history":[{"count":52,"href":"https:\/\/www.holmusic.es\/it\/wp-json\/wp\/v2\/pages\/2225\/revisions"}],"predecessor-version":[{"id":4801,"href":"https:\/\/www.holmusic.es\/it\/wp-json\/wp\/v2\/pages\/2225\/revisions\/4801"}],"wp:attachment":[{"href":"https:\/\/www.holmusic.es\/it\/wp-json\/wp\/v2\/media?parent=2225"}],"curies":[{"name":"wp","href":"https:\/\/api.w.org\/{rel}","templated":true}]}}