{"id":2083,"date":"2020-02-24T16:02:08","date_gmt":"2020-02-24T16:02:08","guid":{"rendered":"https:\/\/www.holmusic.es\/?page_id=1663"},"modified":"2024-02-05T08:27:18","modified_gmt":"2024-02-05T08:27:18","slug":"services","status":"publish","type":"page","link":"https:\/\/www.holmusic.es\/fr\/services\/","title":{"rendered":"Services"},"content":{"rendered":"<p>[vc_row full_width=&#8221;stretch_row_content_no_spaces&#8221; css=&#8221;.vc_custom_1707121632489{margin-top: 0px !important;margin-right: 0px !important;margin-bottom: 0px !important;margin-left: 0px !important;padding-top: 0px !important;padding-right: 0px !important;padding-bottom: 0px !important;padding-left: 0px !important;background-image: url(http:\/\/www.holmusic.es\/dir-info-cnt\/uploads\/2020\/02\/imagen2-scaled.jpg?id=4369) !important;background-position: center !important;background-repeat: no-repeat !important;background-size: cover !important;}&#8221; uniqid=&#8221;65c09bbb2fec7&#8243;][vc_column][vc_empty_space height=&#8221;540px&#8221;][\/vc_column][\/vc_row][vc_row][vc_column css_animation=&#8221;fadeIn&#8221; css=&#8221;.vc_custom_1506084186532{padding-top: 40px !important;}&#8221;]      <div class=\"heading-block heading-5d67b8954c447 tac h-h4 with-line\">\n                  <h4 class=\"h\">SOLUTIONS \u00c9LECTROACOUSTIQUES PROFESSIONNELLES<\/h4>\n              <\/div>\n    [vc_column_text]<\/p>\n<p style=\"text-align: center;\">Notre bureau technique est compos\u00e9 de professionnels hautement qualifi\u00e9s qui disposent des technologies les plus avanc\u00e9es du march\u00e9 pour r\u00e9aliser des projets complets de toute taille.<\/p>\n<p style=\"text-align: center;\">Le d\u00e9partement d&#8217;ing\u00e9nierie de Holmusic participe \u00e0 toutes les \u00e9tapes d&#8217;un projet afin de garantir le plus haut niveau de satisfaction pour nos clients et les utilisateurs des installations concern\u00e9es. Nous vous conseillons en permanence pour vous aider \u00e0 obtenir une solution globale adapt\u00e9e aux besoins de votre entreprise.<\/p>\n<p>[\/vc_column_text][vc_column_text]<\/p>\n<p style=\"text-align: center;\">Notre exp\u00e9rience comprend une grande vari\u00e9t\u00e9 de lieux et de services tels que :<\/p>\n<p>[\/vc_column_text][vc_empty_space][vc_row_inner equal_height=&#8221;yes&#8221;][vc_column_inner width=&#8221;1\/3&#8243; css=&#8221;.vc_custom_1505483962485{margin-bottom: 35px !important;}&#8221;][vc_icon icon_fontawesome=&#8221;fas fa-headphones-alt&#8221; color=&#8221;custom&#8221; background_style=&#8221;rounded-outline&#8221; background_color=&#8221;custom&#8221; size=&#8221;xl&#8221; align=&#8221;center&#8221; custom_background_color=&#8221;#c48f56&#8243;][vc_column_text]<\/p>\n<h6 style=\"text-align: center;\"><span style=\"text-transform: uppercase;\">auditoriums et centres de conf\u00e9rences<\/span><\/h6>\n<p>[\/vc_column_text][\/vc_column_inner][vc_column_inner width=&#8221;1\/3&#8243; css=&#8221;.vc_custom_1505483969540{margin-bottom: 35px !important;}&#8221;][vc_icon icon_fontawesome=&#8221;fas fa-school&#8221; color=&#8221;custom&#8221; background_style=&#8221;rounded-outline&#8221; background_color=&#8221;custom&#8221; size=&#8221;xl&#8221; align=&#8221;center&#8221; custom_background_color=&#8221;#c48f56&#8243;][vc_column_text]<\/p>\n<h6 style=\"text-align: center;\"><span style=\"text-transform: uppercase;\">th\u00e9\u00e2tres et \u00e9glises<\/span><\/h6>\n<p>[\/vc_column_text][\/vc_column_inner][vc_column_inner width=&#8221;1\/3&#8243; css=&#8221;.vc_custom_1505483974400{margin-bottom: 35px !important;}&#8221;][vc_icon icon_fontawesome=&#8221;music-and-multimedia-megaphone&#8221; color=&#8221;custom&#8221; background_style=&#8221;rounded-outline&#8221; background_color=&#8221;custom&#8221; size=&#8221;xl&#8221; align=&#8221;center&#8221; custom_background_color=&#8221;#c48f56&#8243;][vc_column_text]<\/p>\n<h6 style=\"text-align: center;\"><span style=\"text-transform: uppercase;\">syst\u00e8mes de son adresse publique et de s\u00e9curit\u00e9<\/span><\/h6>\n<p>[\/vc_column_text][\/vc_column_inner][vc_column_inner width=&#8221;1\/3&#8243; css=&#8221;.vc_custom_1505483979333{margin-bottom: 35px !important;}&#8221;][vc_icon icon_fontawesome=&#8221;basic-ui-icon-bag&#8221; color=&#8221;custom&#8221; background_style=&#8221;rounded-outline&#8221; background_color=&#8221;custom&#8221; size=&#8221;xl&#8221; align=&#8221;center&#8221; custom_background_color=&#8221;#c48f56&#8243;][vc_column_text]<\/p>\n<h6 style=\"text-align: center;\"><span style=\"text-transform: uppercase;\">centres commerciaux et magasins<\/span><\/h6>\n<p>[\/vc_column_text][\/vc_column_inner][vc_column_inner width=&#8221;1\/3&#8243; css=&#8221;.vc_custom_1505483984191{margin-bottom: 35px !important;}&#8221;][vc_icon icon_fontawesome=&#8221;fas fa-concierge-bell&#8221; color=&#8221;custom&#8221; background_style=&#8221;rounded-outline&#8221; background_color=&#8221;custom&#8221; size=&#8221;xl&#8221; align=&#8221;center&#8221; custom_background_color=&#8221;#c48f56&#8243;][vc_column_text]<\/p>\n<h6 style=\"text-align: center;\"><span style=\"text-transform: uppercase;\">H\u00f4tels<\/span><\/h6>\n<p>[\/vc_column_text][\/vc_column_inner][vc_column_inner width=&#8221;1\/3&#8243; css=&#8221;.vc_custom_1505483989290{margin-bottom: 35px !important;}&#8221;][vc_icon icon_fontawesome=&#8221;fas fa-glass-martini-alt&#8221; color=&#8221;custom&#8221; background_style=&#8221;rounded-outline&#8221; background_color=&#8221;custom&#8221; size=&#8221;xl&#8221; align=&#8221;center&#8221; custom_background_color=&#8221;#c48f56&#8243;][vc_column_text]<\/p>\n<h6 style=\"text-align: center;\"><span style=\"text-transform: uppercase;\">restaurants, bars, clubs et discoth\u00e8ques<\/span><\/h6>\n<p>[\/vc_column_text][\/vc_column_inner][\/vc_row_inner][\/vc_column][\/vc_row][vc_row full_width=&#8221;stretch_row_content_no_spaces&#8221;][vc_column css_animation=&#8221;fadeIn&#8221;]<div class=\"category row category-59ba619c8a88e type-normal\"><div class=\"item category-item-59ba41da0aada white\" style=\"background-image: url(https:\/\/www.holmusic.es\/dir-info-cnt\/uploads\/2020\/02\/Gucci_La_Roca_Village-1.jpg)\">\r\n      \r\n      \r\n      \r\n    <\/div><div class=\"item category-item-59ba41da0aada white\" style=\"background-image: url(https:\/\/www.holmusic.es\/dir-info-cnt\/uploads\/2020\/02\/IMG_0922-1024x682-1.jpg)\">\r\n      \r\n      \r\n      \r\n    <\/div><div class=\"item category-item-59ba41da0aada white\" style=\"background-image: url(https:\/\/www.holmusic.es\/dir-info-cnt\/uploads\/2020\/02\/DSC00773-scaled.jpg)\">\r\n      \r\n      \r\n      \r\n    <\/div><div class=\"item category-item-59ba41da0aada white\" style=\"background-image: url(https:\/\/www.holmusic.es\/dir-info-cnt\/uploads\/2020\/02\/Crank905_BAJA.jpg)\">\r\n      \r\n      \r\n      \r\n    <\/div><div class=\"item category-item-59ba41da0aada white\" style=\"background-image: url(https:\/\/www.holmusic.es\/dir-info-cnt\/uploads\/2020\/02\/instalacio\u0301n.jpg)\">\r\n      \r\n      \r\n      \r\n    <\/div><div class=\"item category-item-59ba41da0aada white\" style=\"background-image: url(https:\/\/www.holmusic.es\/dir-info-cnt\/uploads\/2020\/02\/instalacion2.jpg)\">\r\n      \r\n      \r\n      \r\n    <\/div><\/div>[\/vc_column][\/vc_row][vc_row css=&#8221;.vc_custom_1567078791108{padding-bottom: 30px !important;}&#8221; uniqid=&#8221;5d664be2c7aac&#8221;][vc_column]    <div class=\"brand-block swiper brand-block-5d66456614dc0\" data-magic-cursor=\"link-w-text\" data-magic-cursor-text=\"Drag\">\n      <div class=\"swiper-wrapper\">\n            <div class=\"brand-item swiper-slide brand-item-5d6646a5dbc34 without-hover\">\n      <div class=\"content\">\n                  <a href=\"#\" target=\"_self\">\n                  <img fetchpriority=\"high\" decoding=\"async\" width=\"2261\" height=\"584\" src=\"https:\/\/www.holmusic.es\/dir-info-cnt\/uploads\/2020\/02\/electrovoice.png\" class=\"attachment-full size-full\" alt=\"\" \/>                            <\/a>\n              <\/div>\n    <\/div>\n        <div class=\"brand-item swiper-slide brand-item-5d6646d2e0aa8 without-hover\">\n      <div class=\"content\">\n                  <a href=\"#\" target=\"_self\">\n                  <img decoding=\"async\" width=\"2261\" height=\"584\" src=\"https:\/\/www.holmusic.es\/dir-info-cnt\/uploads\/2020\/02\/dynacord.png\" class=\"attachment-full size-full\" alt=\"\" \/>                            <\/a>\n              <\/div>\n    <\/div>\n        <div class=\"brand-item swiper-slide brand-item-5d6646dd32221 without-hover\">\n      <div class=\"content\">\n                  <a href=\"#\" target=\"_self\">\n                  <img decoding=\"async\" width=\"2261\" height=\"584\" src=\"https:\/\/www.holmusic.es\/dir-info-cnt\/uploads\/2020\/02\/turbosound.png\" class=\"attachment-full size-full\" alt=\"\" \/>                            <\/a>\n              <\/div>\n    <\/div>\n        <div class=\"brand-item swiper-slide brand-item-5d6646e773a1a without-hover\">\n      <div class=\"content\">\n                  <a href=\"#\" target=\"_self\">\n                  <img loading=\"lazy\" decoding=\"async\" width=\"300\" height=\"77\" src=\"https:\/\/www.holmusic.es\/dir-info-cnt\/uploads\/2020\/02\/SEELECTRO_letpro-1.jpg\" class=\"attachment-full size-full\" alt=\"\" \/>                            <\/a>\n              <\/div>\n    <\/div>\n        <div class=\"brand-item swiper-slide brand-item-5d6646f0f1e4e without-hover\">\n      <div class=\"content\">\n                  <a href=\"#\" target=\"_self\">\n                  <img loading=\"lazy\" decoding=\"async\" width=\"146\" height=\"112\" src=\"https:\/\/www.holmusic.es\/dir-info-cnt\/uploads\/2020\/02\/AMINA.jpg\" class=\"attachment-full size-full\" alt=\"\" \/>                            <\/a>\n              <\/div>\n    <\/div>\n          <\/div>\n    <\/div>\n    [\/vc_column][\/vc_row][vc_row][vc_column]      <div class=\"heading-block heading-5e53e801cd310 tac h-h5 with-line\">\n                  <h5 class=\"h\">CONTACTEZ NOTRE D\u00c9PARTEMENT D'ING\u00c9NIERIE<\/h5>\n              <\/div>\n    [vc_empty_space height=&#8221;10px&#8221;][\/vc_column][\/vc_row][vc_row][vc_column][vc_column_text]\n<div class=\"wpcf7 no-js\" id=\"wpcf7-f2206-o1\" lang=\"es-ES\" dir=\"ltr\">\n<div class=\"screen-reader-response\"><p role=\"status\" aria-live=\"polite\" aria-atomic=\"true\"><\/p> <ul><\/ul><\/div>\n<form action=\"\/fr\/wp-json\/wp\/v2\/pages\/2083#wpcf7-f2206-o1\" method=\"post\" class=\"wpcf7-form init\" aria-label=\"Formulario de contacto\" novalidate=\"novalidate\" data-status=\"init\">\n<div style=\"display: none;\">\n<input type=\"hidden\" name=\"_wpcf7\" value=\"2206\" \/>\n<input type=\"hidden\" name=\"_wpcf7_version\" value=\"5.9.8\" \/>\n<input type=\"hidden\" name=\"_wpcf7_locale\" value=\"es_ES\" \/>\n<input type=\"hidden\" name=\"_wpcf7_unit_tag\" value=\"wpcf7-f2206-o1\" \/>\n<input type=\"hidden\" name=\"_wpcf7_container_post\" value=\"0\" \/>\n<input type=\"hidden\" name=\"_wpcf7_posted_data_hash\" value=\"\" \/>\n<\/div>\n<div class=\"tac\" style=\"max-width: 650px; margin: 0 auto;\">\n<span class=\"wpcf7-form-control-wrap\" data-name=\"name-p\"><input size=\"40\" maxlength=\"400\" class=\"wpcf7-form-control wpcf7-text wpcf7-validates-as-required style3\" aria-required=\"true\" aria-invalid=\"false\" placeholder=\"Votre pr\u00e9nom et votre nom\" value=\"\" type=\"text\" name=\"name-p\" \/><\/span>\n<span class=\"wpcf7-form-control-wrap\" data-name=\"mail\"><input size=\"40\" maxlength=\"400\" class=\"wpcf7-form-control wpcf7-text wpcf7-validates-as-required style3\" aria-required=\"true\" aria-invalid=\"false\" placeholder=\"Votre e-mail\" value=\"\" type=\"text\" name=\"mail\" \/><\/span>\n<span class=\"wpcf7-form-control-wrap\" data-name=\"mail\"><input size=\"40\" maxlength=\"400\" class=\"wpcf7-form-control wpcf7-text wpcf7-validates-as-required style3\" aria-required=\"true\" aria-invalid=\"false\" placeholder=\"Compagnie\" value=\"\" type=\"text\" name=\"mail\" \/><\/span>\n<span class=\"wpcf7-form-control-wrap\" data-name=\"mail\"><input size=\"40\" maxlength=\"400\" class=\"wpcf7-form-control wpcf7-text wpcf7-validates-as-required style3\" aria-required=\"true\" aria-invalid=\"false\" placeholder=\"Secteur\" value=\"\" type=\"text\" name=\"mail\" \/><\/span>\n<span class=\"wpcf7-form-control-wrap\" data-name=\"text\"><textarea cols=\"40\" rows=\"4\" maxlength=\"2000\" class=\"wpcf7-form-control wpcf7-textarea wpcf7-validates-as-required style3\" aria-required=\"true\" aria-invalid=\"false\" placeholder=\"Message\" name=\"text\"><\/textarea><\/span>\n<input class=\"wpcf7-form-control wpcf7-submit has-spinner button-style1\" type=\"submit\" value=\"Envoyer une demande d&#039;information\" \/>\n<\/div><div class=\"wpcf7-response-output\" aria-hidden=\"true\"><\/div>\n<\/form>\n<\/div>\n[\/vc_column_text][\/vc_column][\/vc_row][vc_row][vc_column][vc_empty_space][\/vc_column][\/vc_row]<\/p>\n","protected":false},"excerpt":{"rendered":"<p>[vc_row full_width=&#8221;stretch_row_content_no_spaces&#8221; css=&#8221;.vc_custom_1707121632489{margin-top: 0px !important;margin-right: 0px !important;margin-bottom: 0px !important;margin-left: 0px !important;padding-top: 0px !important;padding-right: 0px !important;padding-bottom: 0px !important;padding-left: 0px !important;background-image: url(http:\/\/www.holmusic.es\/dir-info-cnt\/uploads\/2020\/02\/imagen2-scaled.jpg?id=4369) !important;background-position: center !important;background-repeat: no-repeat !important;background-size: cover !important;}&#8221; uniqid=&#8221;65c09bbb2fec7&#8243;][vc_column][vc_empty_space height=&#8221;540px&#8221;][\/vc_column][\/vc_row][vc_row][vc_column css_animation=&#8221;fadeIn&#8221; css=&#8221;.vc_custom_1506084186532{padding-top: 40px !important;}&#8221;][vc_column_text] Notre bureau technique est compos\u00e9 de professionnels hautement qualifi\u00e9s qui disposent des technologies les plus avanc\u00e9es du march\u00e9 pour r\u00e9aliser des projets [&hellip;]<\/p>\n","protected":false},"author":3,"featured_media":0,"parent":0,"menu_order":0,"comment_status":"closed","ping_status":"closed","template":"template-landing.php","meta":{"_acf_changed":false,"footnotes":""},"acf":[],"_links":{"self":[{"href":"https:\/\/www.holmusic.es\/fr\/wp-json\/wp\/v2\/pages\/2083"}],"collection":[{"href":"https:\/\/www.holmusic.es\/fr\/wp-json\/wp\/v2\/pages"}],"about":[{"href":"https:\/\/www.holmusic.es\/fr\/wp-json\/wp\/v2\/types\/page"}],"author":[{"embeddable":true,"href":"https:\/\/www.holmusic.es\/fr\/wp-json\/wp\/v2\/users\/3"}],"replies":[{"embeddable":true,"href":"https:\/\/www.holmusic.es\/fr\/wp-json\/wp\/v2\/comments?post=2083"}],"version-history":[{"count":11,"href":"https:\/\/www.holmusic.es\/fr\/wp-json\/wp\/v2\/pages\/2083\/revisions"}],"predecessor-version":[{"id":4739,"href":"https:\/\/www.holmusic.es\/fr\/wp-json\/wp\/v2\/pages\/2083\/revisions\/4739"}],"wp:attachment":[{"href":"https:\/\/www.holmusic.es\/fr\/wp-json\/wp\/v2\/media?parent=2083"}],"curies":[{"name":"wp","href":"https:\/\/api.w.org\/{rel}","templated":true}]}}