{"id":4676,"date":"2023-10-04T09:04:53","date_gmt":"2023-10-04T09:04:53","guid":{"rendered":"https:\/\/www.holmusic.es\/politica-de-cookies\/"},"modified":"2023-10-04T12:05:09","modified_gmt":"2023-10-04T12:05:09","slug":"cookies-policy","status":"publish","type":"page","link":"https:\/\/www.holmusic.es\/en\/cookies-policy\/","title":{"rendered":"Cookies policy"},"content":{"rendered":"<p>[vc_row][vc_column css=&#8221;.vc_custom_1696410280428{padding: 30px !important;}&#8221; uniqid=&#8221;651d2aa35dfe6&#8243;][vc_column_text]<\/p>\n<h4>POL\u00cdTICA DE COOKIES<\/h4>\n<p>Cookie es un fichero que se descarga en su ordenador al acceder a determinadas p\u00e1ginas web. Las cookies permiten a una p\u00e1gina web, entre otras cosas, almacenar y recuperar informaci\u00f3n sobre los h\u00e1bitos de navegaci\u00f3n de un usuario o de tu\u00a0equipo y, dependiendo de la informaci\u00f3n que contengan y de la forma en que utilices tu equipo, pueden utilizarse para reconocer (que no identificar) al usuario.<\/p>\n<p>El navegador del usuario memoriza cookies en el disco duro solamente durante la sesi\u00f3n actual ocupando un espacio de memoria m\u00ednimo y no perjudicando al ordenador. Las cookies no contienen ninguna clase de informaci\u00f3n personal espec\u00edfica, y la mayor\u00eda de las mismas se borran del disco duro al finalizar la sesi\u00f3n de navegador (las denominadas cookies de sesi\u00f3n).<\/p>\n<p>La mayor\u00eda de los navegadores aceptan como est\u00e1ndar a las cookies y, con independencia de las mismas, permiten o impiden en los ajustes de seguridad las cookies temporales o memorizadas.<\/p>\n<p>Sin tu expreso consentimiento, mediante la activaci\u00f3n de las cookies en tu navegador, www.adagiodistribucion.es www.adagiodistribucion.com (en adelante Adagio Distribuci\u00f3n) no enlazar\u00e1 en las cookies los datos memorizados con tus datos personales proporcionados en el momento de contactar con nosotros.<\/p>\n<p>\u00bfQu\u00e9 tipos de cookies utiliza este sitio web?<\/p>\n<p><strong>Cookies propias<\/strong><br \/>\n<em>Cookies t\u00e9cnicas<\/em>: Son aqu\u00e9llas que permiten al usuario la navegaci\u00f3n a trav\u00e9s de una p\u00e1gina web, plataforma o aplicaci\u00f3n y la utilizaci\u00f3n de las diferentes opciones o servicios que en ella existan como, por ejemplo, controlar el tr\u00e1fico y la comunicaci\u00f3n de datos, identificar la sesi\u00f3n, acceder a partes de acceso restringido, recordar los elementos que integran un pedido, realizar el proceso de compra de un pedido, realizar la solicitud de inscripci\u00f3n o participaci\u00f3n en un evento, utilizar elementos de seguridad durante la navegaci\u00f3n, almacenar contenidos para la difusi\u00f3n de videos o sonido o compartir contenidos a trav\u00e9s de redes sociales.<\/p>\n<p><em>Cookies de an\u00e1lisis<\/em>: Son aqu\u00e9llas que bien tratadas por nosotros o por terceros, nos permiten cuantificar el n\u00famero de usuarios y as\u00ed realizar la medici\u00f3n y an\u00e1lisis estad\u00edstico de la utilizaci\u00f3n que hacen los usuarios del servicio ofertado. Para ello se analiza su navegaci\u00f3n en nuestra p\u00e1gina web con el fin de mejorar la oferta de productos o servicios que le ofrecemos.<\/p>\n<p><strong>Cookies de terceros<\/strong><br \/>\nLa web de Adagio Distribuci\u00f3n\u00a0puede utilizar servicios de terceros que, por cuenta de HOL MUSIC DRAL S.L.U., recopilaran informaci\u00f3n con fines estad\u00edsticos, de uso del Site por parte del usuario y para la prestaci\u00f3n de otros servicios relacionados con la actividad del sitio web\u00a0y otros servicios de Internet.<\/p>\n<p>El Usuario acepta expresamente, por la utilizaci\u00f3n de este sitio web, el tratamiento de la informaci\u00f3n recabada en la forma y con los fines anteriormente mencionados. Y asimismo reconoce conocer la posibilidad de rechazar el tratamiento de tales datos o informaci\u00f3n rechazando el uso de Cookies mediante la selecci\u00f3n de la configuraci\u00f3n apropiada a tal fin en su navegador. Si bien esta opci\u00f3n de bloqueo de Cookies en su navegador puede no permitirle el uso pleno de todas las funcionalidades de este\u00a0sitio web.<\/p>\n<p>Podr\u00e1s permitir, bloquear o eliminar las cookies instaladas en tu\u00a0equipo mediante la configuraci\u00f3n de las opciones del navegador instalado en tu\u00a0ordenador:\u00a0Chrome, Explorer,\u00a0Firefox,\u00a0Safari<\/p>\n<p>Si tienes dudas sobre esta pol\u00edtica de cookies, puede contactar con Adagio en marketing@adagio.es[\/vc_column_text][\/vc_column][\/vc_row]<\/p>\n","protected":false},"excerpt":{"rendered":"<p>[vc_row][vc_column css=&#8221;.vc_custom_1696410280428{padding: 30px !important;}&#8221; uniqid=&#8221;651d2aa35dfe6&#8243;][vc_column_text] POL\u00cdTICA DE COOKIES Cookie es un fichero que se descarga en su ordenador al acceder a determinadas p\u00e1ginas web. Las cookies permiten a una p\u00e1gina web, entre otras cosas, almacenar y recuperar informaci\u00f3n sobre los h\u00e1bitos de navegaci\u00f3n de un usuario o de tu\u00a0equipo y, dependiendo de la informaci\u00f3n que [&hellip;]<\/p>\n","protected":false},"author":4,"featured_media":0,"parent":0,"menu_order":0,"comment_status":"closed","ping_status":"closed","template":"template-landing.php","meta":{"_acf_changed":false,"footnotes":""},"acf":[],"_links":{"self":[{"href":"https:\/\/www.holmusic.es\/en\/wp-json\/wp\/v2\/pages\/4676"}],"collection":[{"href":"https:\/\/www.holmusic.es\/en\/wp-json\/wp\/v2\/pages"}],"about":[{"href":"https:\/\/www.holmusic.es\/en\/wp-json\/wp\/v2\/types\/page"}],"author":[{"embeddable":true,"href":"https:\/\/www.holmusic.es\/en\/wp-json\/wp\/v2\/users\/4"}],"replies":[{"embeddable":true,"href":"https:\/\/www.holmusic.es\/en\/wp-json\/wp\/v2\/comments?post=4676"}],"version-history":[{"count":1,"href":"https:\/\/www.holmusic.es\/en\/wp-json\/wp\/v2\/pages\/4676\/revisions"}],"predecessor-version":[{"id":4694,"href":"https:\/\/www.holmusic.es\/en\/wp-json\/wp\/v2\/pages\/4676\/revisions\/4694"}],"wp:attachment":[{"href":"https:\/\/www.holmusic.es\/en\/wp-json\/wp\/v2\/media?parent=4676"}],"curies":[{"name":"wp","href":"https:\/\/api.w.org\/{rel}","templated":true}]}}