{"id":4669,"date":"2023-10-04T08:52:27","date_gmt":"2023-10-04T08:52:27","guid":{"rendered":"https:\/\/www.holmusic.es\/aviso-legal\/"},"modified":"2023-10-04T11:53:32","modified_gmt":"2023-10-04T11:53:32","slug":"legal-notice","status":"publish","type":"page","link":"https:\/\/www.holmusic.es\/en\/legal-notice\/","title":{"rendered":"Legal notice"},"content":{"rendered":"<p>[vc_row][vc_column css=&#8221;.vc_custom_1696409906078{padding: 30px !important;}&#8221; uniqid=&#8221;651d292686515&#8243;][vc_column_text]<\/p>\n<h4>AVISO LEGAL<\/h4>\n<p><strong>T\u00e9rminos y condiciones de uso<\/strong><br \/>\nEn cumplimiento de la Ley 34\/2002, de 11 de julio, de servicios de la sociedad de la informaci\u00f3n y de comercio electr\u00f3nico, le informamos que HOL MUSIC DRAL, S.L.U. es el titular de los dominios www.adagiodistribucion.es y www.adagiodistribucion.com (en adelante Adagio Distribuci\u00f3n), con domicilio en la Avenida La Ferrer\u00eda n\u00ba 5 de Montcada i Reixac, Barcelona, inscrita en el Registro Mercantil de Barcelona, Tomo 45019, Folio 177, Hoja B-474468, Inscripci\u00f3n 1, Fecha 19 octubre 2015 y titular del NIF: B66589961.<\/p>\n<p><strong>Limitaci\u00f3n de la responsabilidad<\/strong><br \/>\nEn Adagio Distribuci\u00f3n\u00a0no nos responsabilizamos del mal uso que se realice de los contenidos de nuestra p\u00e1gina web, siendo exclusiva responsabilidad de la persona que accede a ellos o los utiliza.<\/p>\n<p>Tampoco asumimos ninguna responsabilidad por la informaci\u00f3n contenida en las p\u00e1ginas web de terceros a las que se pueda acceder por enlaces o buscadores desde la p\u00e1gina web\u00a0de Adagio Distribuci\u00f3n.<\/p>\n<p><strong>Pol\u00edtica de enlaces<\/strong><br \/>\nAdagio Distribuci\u00f3n no se hace responsable del contenido ni de la informaci\u00f3n de las p\u00e1ginas web de terceros a las que el usuario pueda acceder a trav\u00e9s de los enlaces establecidos en su sitio web. Asimismo, tampoco garantizar\u00e1 la disponibilidad t\u00e9cnica, exactitud, veracidad, validez o legalidad de p\u00e1ginas ajenas a su propiedad a las que se pueda acceder por medio de los enlaces.<\/p>\n<p>Adagio Distribuci\u00f3n declara haber adoptado todas las medidas necesarias para evitar cualesquiera da\u00f1os que, a los usuarios de su sitio web, pudieran derivarse de la navegaci\u00f3n por su p\u00e1gina web. En consecuencia Adagio Distribuci\u00f3n no se hace responsable, en ning\u00fan caso, de los eventuales da\u00f1os que por la navegaci\u00f3n por Internet pudiera sufrir el usuario.<\/p>\n<p><strong>Modificaciones<\/strong><br \/>\nAdagio Distribuci\u00f3n se reserva el derecho de realizar las modificaciones que considere oportunas, sin aviso previo, en el contenido de su sitio web, tanto en lo referente a los contenidos del sitio web, como en las condiciones de uso de la misma.<\/p>\n<p>Por todo ello,\u00a0Adagio Distribuci\u00f3n se reserva el derecho a actualizar, modificar o eliminar la informaci\u00f3n contenida en su sitio web, y la configuraci\u00f3n o presentaci\u00f3n del mismo, en cualquier momento, sin previo aviso, y sin asumir responsabilidad alguna por ello.<\/p>\n<p><strong>Propiedad intelectual de la web<\/strong><br \/>\nTodos los derechos de propiedad intelectual derivados del contenido de esta p\u00e1gina web, su dise\u00f1o gr\u00e1fico y sus c\u00f3digos fuente, pertenecen a Adagio Distribuci\u00f3n,\u00a0correspondi\u00e9ndonos el ejercicio exclusivo de los derechos de explotaci\u00f3n de los mismos. Por tanto queda prohibida su reproducci\u00f3n, distribuci\u00f3n, comunicaci\u00f3n p\u00fablica y transformaci\u00f3n, total o parcial, sin la autorizaci\u00f3n expresa de Adagio Distribuci\u00f3n.\u00a0Todos los nombres comerciales, marcas o signos distintos de cualquier clase contenidos en este sitio web est\u00e1n protegidos por ley. Ser\u00e1n, por consiguiente, obras protegidas como propiedad intelectual por el ordenamiento jur\u00eddico espa\u00f1ol, si\u00e9ndoles aplicables tanto la normativa espa\u00f1ola y comunitaria en este campo, como los tratados internacionales relativos a la materia y suscritos por Espa\u00f1a.[\/vc_column_text][\/vc_column][\/vc_row]<\/p>\n","protected":false},"excerpt":{"rendered":"<p>[vc_row][vc_column css=&#8221;.vc_custom_1696409906078{padding: 30px !important;}&#8221; uniqid=&#8221;651d292686515&#8243;][vc_column_text] AVISO LEGAL T\u00e9rminos y condiciones de uso En cumplimiento de la Ley 34\/2002, de 11 de julio, de servicios de la sociedad de la informaci\u00f3n y de comercio electr\u00f3nico, le informamos que HOL MUSIC DRAL, S.L.U. es el titular de los dominios www.adagiodistribucion.es y www.adagiodistribucion.com (en adelante Adagio Distribuci\u00f3n), con [&hellip;]<\/p>\n","protected":false},"author":4,"featured_media":0,"parent":0,"menu_order":0,"comment_status":"closed","ping_status":"closed","template":"template-landing.php","meta":{"_acf_changed":false,"footnotes":""},"acf":[],"_links":{"self":[{"href":"https:\/\/www.holmusic.es\/en\/wp-json\/wp\/v2\/pages\/4669"}],"collection":[{"href":"https:\/\/www.holmusic.es\/en\/wp-json\/wp\/v2\/pages"}],"about":[{"href":"https:\/\/www.holmusic.es\/en\/wp-json\/wp\/v2\/types\/page"}],"author":[{"embeddable":true,"href":"https:\/\/www.holmusic.es\/en\/wp-json\/wp\/v2\/users\/4"}],"replies":[{"embeddable":true,"href":"https:\/\/www.holmusic.es\/en\/wp-json\/wp\/v2\/comments?post=4669"}],"version-history":[{"count":1,"href":"https:\/\/www.holmusic.es\/en\/wp-json\/wp\/v2\/pages\/4669\/revisions"}],"predecessor-version":[{"id":4693,"href":"https:\/\/www.holmusic.es\/en\/wp-json\/wp\/v2\/pages\/4669\/revisions\/4693"}],"wp:attachment":[{"href":"https:\/\/www.holmusic.es\/en\/wp-json\/wp\/v2\/media?parent=4669"}],"curies":[{"name":"wp","href":"https:\/\/api.w.org\/{rel}","templated":true}]}}